{"id":17,"date":"2014-06-30T02:06:51","date_gmt":"2014-06-30T01:06:51","guid":{"rendered":"http:\/\/charity.skat.tf\/?page_id=13"},"modified":"2014-06-30T11:46:24","modified_gmt":"2014-06-30T10:46:24","slug":"home","status":"publish","type":"page","link":"http:\/\/www.stargardt.fr\/test\/","title":{"rendered":"Fondation Stargardt"},"content":{"rendered":"<div class=\"container\">[rev_slider accueil]<\/div><div style=\"padding-bottom: 10px; margin-top: 10px;\" class=\"space-divider\"><\/div>\n<div class=\"container\"><div class=\"two-third \">\n<h1>Fondation Stargardt :<br \/>\nAgir ensemble avec la recherche<\/h1>\n<p>La Fondation Stargardt regroupe et f\u00e9d\u00e8re les personnes atteintes de la maladie de Stargardt pour dynamiser la recherche m\u00e9dicale et faciliter le d\u00e9veloppement de nouveaux traitements avec pour objectif de stopper la maladie et de restaurer la vision.<br \/>\nCr\u00e9\u00e9e en 2013 par Denis Cayet, entrepreneur de projets innovants, la Fondation Stargardt souhaite \u00e9tablir une interaction active entre les patient(e)s atteint(e)s de la maladie de Stargardt, porteurs(euses) de mutations du g\u00e8ne ABCA4, et le monde de la recherche scientifique..<br \/>\nElle collabore avec des \u00e9quipes de chercheurs de renomm\u00e9es internationales sp\u00e9cialis\u00e9s en ophtalmologie, en biologie, en th\u00e9rapie g\u00e9nique et cellulaire, et des services hospitaliers.<br \/>\nChercheurs et personnes touch\u00e9es par la maladie de Stargardt sont au c\u0153ur de la fondation. <\/div><div class=\"one-third last \"><a href=\"http:\/\/s519078666.onlinehome.fr\/wp-content\/uploads\/2014\/02\/agir.jpg\" rel=\"PrettyPhoto&#091;17&#093;\"><img loading=\"lazy\" class=\"alignnone size-full wp-image-321\" title=\"Denis Cayet, pr\u00e9sident de la Fondation Stargardt\" src=\"http:\/\/s519078666.onlinehome.fr\/wp-content\/uploads\/2014\/02\/agir.jpg\" alt=\"Denis Cayet, pr\u00e9sident de la Fondation Stargardt\" width=\"391\" height=\"323\" srcset=\"http:\/\/www.stargardt.fr\/test\/wp-content\/uploads\/sites\/5\/2014\/02\/agir.jpg 391w, http:\/\/www.stargardt.fr\/test\/wp-content\/uploads\/sites\/5\/2014\/02\/agir-300x247.jpg 300w\" sizes=\"(max-width: 391px) 100vw, 391px\" \/><\/a><\/div><div class=\"clearfix\"><\/div> <\/div>\n<p><div class=\"sd-full-width-bg\" style=\"background-color: #005d8e; color: #FFFFFF;\"><div class=\"container\"><div style=\"padding-bottom: 20px; margin-top: 20px;\" class=\"space-divider\"><\/div>\n<h2 class=\"sd-center\">NOS MISSIONS<\/h2>\n<div style=\"padding-bottom: 10px; margin-top: 10px;\" class=\"space-divider\"><\/div>\n<div class=\"one-fourth \">\n<img loading=\"lazy\" class=\"alignnone size-full wp-image-400\" title=\"f\u00e9d\u00e9rer\" src=\"http:\/\/s519078666.onlinehome.fr\/wp-content\/uploads\/2014\/03\/federer.png\" alt=\"f\u00e9d\u00e9rer\" width=\"140\" height=\"74\" \/><\/p>\n<h2>F\u00c9D\u00c9RER<\/h2>\n<p>Cr\u00e9er une communaut\u00e9 de personnes ayant la maladie de Stargardt<br \/>\n<\/div>\n<div class=\"one-fourth \">\n<img loading=\"lazy\" class=\"alignnone size-full wp-image-402\" title=\"informer\" src=\"http:\/\/s519078666.onlinehome.fr\/wp-content\/uploads\/2014\/03\/informer.png\" alt=\"informer\" width=\"140\" height=\"74\" \/><\/p>\n<h2>INFORMER<\/h2>\n<p>Fournir au public des informations claires et exhaustives sur la maladie de Stargardt<br \/>\n<\/div>\n<div class=\"one-fourth \">\n<img loading=\"lazy\" class=\"alignnone size-full wp-image-401\" title=\"soutenir\" src=\"http:\/\/s519078666.onlinehome.fr\/wp-content\/uploads\/2014\/03\/soutenir.png\" alt=\"soutenir\" width=\"140\" height=\"74\" \/><\/p>\n<h2>SOUTENIR<\/h2>\n<p>Soutenir la recherche m\u00e9dicale et devenir un v\u00e9ritable partenaire des \u00e9quipes scientifiques<br \/>\n<\/div>\n<div class=\"one-fourth last \">\n<img loading=\"lazy\" class=\"alignnone size-full wp-image-400\" title=\"participer\" src=\"http:\/\/s519078666.onlinehome.fr\/wp-content\/uploads\/2014\/03\/participer.png\" alt=\"participer\" width=\"140\" height=\"74\" \/><\/p>\n<h2>PARTICIPER<\/h2>\n<p>Participer aux financements de la recherche notamment gr\u00e2ce aux soutiens des donateurs<br \/>\n<\/div><div class=\"clearfix\"><\/div>\n<\/div>\n<p><\/div><br \/>\n<div style=\"padding-bottom: 30px; margin-top: 30px;\" class=\"space-divider\"><\/div>\n<div class=\"container\">\n<h2 class=\"sd-center\">LA RECHERCHE ET LES ESSAIS EN COURS<\/h2>\n<div style=\"padding-bottom: 10px; margin-top: 10px;\" class=\"space-divider\"><\/div>\n<div class=\"one-fourth \">\n<h3>La th\u00e9rapie g\u00e9nique<\/h3>\n<p>Dans le traitement des maladies orphelines, le but de la th\u00e9rapie g\u00e9nique est d\u2019introduire chez une personne porteuse de la mutation g\u00e9n\u00e9tique, la copie normale du g\u00e8ne ou des g\u00e8nes alt\u00e9r\u00e9 responsable de ce trouble afin de remplacer le(s) g\u00e8ne(s) d\u00e9ficient(s).<br \/>\n<a href=\"\/recherches-en-cours\/la-therapie-genique\/\"><strong>En savoir plus<\/strong> &gt;<\/a><br \/>\n<\/div>\n<div class=\"one-fourth \">\n<h3>La pharmacologie<\/h3>\n<p>Dans la recherche en pharmacologie sur la maladie de Stargardt, les chercheurs travaillent sur la mise au point de mol\u00e9cules qui interviennent sur les m\u00e9canismes mol\u00e9culaires directs ou indirects du processus de la vision.<br \/>\n<a href=\"\/recherches-en-cours\/pharmacologie-molecules-medicamenteuses\/\"><strong>En savoir plus<\/strong> &gt;<\/a><br \/>\n<\/div>\n<div class=\"one-fourth \">\n<h3>La th\u00e9rapie cellulaire<\/h3>\n<p>La maladie de Stargardt \u00e9volue vers la d\u00e9gradation et la mort des photor\u00e9cepteurs au niveau de la macula. Ce qui fait de la th\u00e9rapie cellulaire un des axes de recherche actuels.<br \/>\n<a href=\"\/recherches-en-cours\/therapie-cellulaire\/\"> <strong>En savoir plus<\/strong> &gt;<\/a><br \/>\n<\/div>\n<div class=\"one-fourth last \">\n<h3>La r\u00e9tine artificielle<\/h3>\n<p>La r\u00e9tine artificielle est une proth\u00e8se dont le but est de palier la perte et le dysfonctionnement de photor\u00e9cepteurs.<br \/>\n<a href=\"\/recherches-en-cours\/la-retine-artificielle\/\"> <strong>En savoir plus &gt;<\/strong><\/a><br \/>\n<\/div><div class=\"clearfix\"><\/div>\n<\/div>\n<div style=\"padding-bottom:20px; padding-top:10px;\" class=\"hupso-share-buttons\"><!-- Hupso Share Buttons - https:\/\/www.hupso.com\/share\/ --><a class=\"hupso_toolbar\" href=\"https:\/\/www.hupso.com\/share\/\"><img src=\"http:\/\/static.hupso.com\/share\/buttons\/lang\/fr\/share.png\" rel=\"PrettyPhoto[17]\" style=\"border:0px; padding-top: 5px; float:left;\" alt=\"Share Button\"\/><\/a><script type=\"text\/javascript\">var hupso_services_t=new Array(\"Twitter\",\"Facebook\",\"Google Plus\");var hupso_background_t=\"#EAF4FF\";var hupso_border_t=\"#66CCFF\";var hupso_toolbar_size_t=\"big\";var hupso_image_folder_url = \"\";var hupso_url_t=\"\";var hupso_title_t=\"Fondation%20Stargardt\";<\/script><script type=\"text\/javascript\" src=\"http:\/\/static.hupso.com\/share\/js\/share_toolbar.js\"><\/script><!-- Hupso Share Buttons --><\/div>","protected":false},"excerpt":{"rendered":"<div style=\"padding-bottom:20px; padding-top:10px;\" class=\"hupso-share-buttons\"><!-- Hupso Share Buttons - https:\/\/www.hupso.com\/share\/ --><a class=\"hupso_toolbar\" href=\"https:\/\/www.hupso.com\/share\/\"><img src=\"http:\/\/static.hupso.com\/share\/buttons\/lang\/fr\/share.png\" style=\"border:0px; padding-top: 5px; float:left;\" alt=\"Share Button\"\/><\/a><script type=\"text\/javascript\">var hupso_services_t=new Array(\"Twitter\",\"Facebook\",\"Google Plus\");var hupso_background_t=\"#EAF4FF\";var hupso_border_t=\"#66CCFF\";var hupso_toolbar_size_t=\"big\";var hupso_image_folder_url = \"\";var hupso_url_t=\"\";var hupso_title_t=\"Fondation%20Stargardt\";<\/script><script type=\"text\/javascript\" src=\"http:\/\/static.hupso.com\/share\/js\/share_toolbar.js\"><\/script><!-- Hupso Share Buttons --><\/div>","protected":false},"author":2,"featured_media":0,"parent":0,"menu_order":0,"comment_status":"open","ping_status":"open","template":"full-width-page.php","meta":[],"yoast_head":"<!-- This site is optimized with the Yoast SEO plugin v19.4 - https:\/\/yoast.com\/wordpress\/plugins\/seo\/ -->\n<title>Fondation Stargardt<\/title>\n<meta name=\"description\" content=\"La Fondation Stargardt regroupe et f\u00e9d\u00e8re les personnes atteintes de la maladie de Stargardt pour dynamiser la recherche m\u00e9dicale de nouveaux traitements\" \/>\n<meta name=\"robots\" content=\"index, follow, max-snippet:-1, max-image-preview:large, max-video-preview:-1\" \/>\n<link rel=\"canonical\" href=\"https:\/\/www.stargardt.fr\/test\/\" \/>\n<meta property=\"og:locale\" content=\"fr_FR\" \/>\n<meta property=\"og:type\" content=\"article\" \/>\n<meta property=\"og:title\" content=\"Fondation Stargardt\" \/>\n<meta property=\"og:description\" content=\"La Fondation Stargardt regroupe et f\u00e9d\u00e8re les personnes atteintes de la maladie de Stargardt pour dynamiser la recherche m\u00e9dicale de nouveaux traitements\" \/>\n<meta property=\"og:url\" content=\"https:\/\/www.stargardt.fr\/test\/\" \/>\n<meta property=\"og:site_name\" content=\"Nouveau site test\" \/>\n<meta property=\"article:modified_time\" content=\"2014-06-30T10:46:24+00:00\" \/>\n<meta property=\"og:image\" content=\"http:\/\/s519078666.onlinehome.fr\/wp-content\/uploads\/2014\/02\/agir.jpg\" \/>\n<meta name=\"twitter:label1\" content=\"Dur\u00e9e de lecture estim\u00e9e\" \/>\n\t<meta name=\"twitter:data1\" content=\"2 minutes\" \/>\n<script type=\"application\/ld+json\" class=\"yoast-schema-graph\">{\"@context\":\"https:\/\/schema.org\",\"@graph\":[{\"@type\":\"WebSite\",\"@id\":\"https:\/\/www.stargardt.fr\/test\/#website\",\"url\":\"https:\/\/www.stargardt.fr\/test\/\",\"name\":\"Nouveau site test\",\"description\":\"Agir pour la recherche sur la maladie de Stargardt\",\"potentialAction\":[{\"@type\":\"SearchAction\",\"target\":{\"@type\":\"EntryPoint\",\"urlTemplate\":\"https:\/\/www.stargardt.fr\/test\/?s={search_term_string}\"},\"query-input\":\"required name=search_term_string\"}],\"inLanguage\":\"fr-FR\"},{\"@type\":\"WebPage\",\"@id\":\"https:\/\/www.stargardt.fr\/test\/\",\"url\":\"https:\/\/www.stargardt.fr\/test\/\",\"name\":\"Fondation Stargardt\",\"isPartOf\":{\"@id\":\"https:\/\/www.stargardt.fr\/test\/#website\"},\"datePublished\":\"2014-06-30T01:06:51+00:00\",\"dateModified\":\"2014-06-30T10:46:24+00:00\",\"description\":\"La Fondation Stargardt regroupe et f\u00e9d\u00e8re les personnes atteintes de la maladie de Stargardt pour dynamiser la recherche m\u00e9dicale de nouveaux traitements\",\"breadcrumb\":{\"@id\":\"https:\/\/www.stargardt.fr\/test\/#breadcrumb\"},\"inLanguage\":\"fr-FR\",\"potentialAction\":[{\"@type\":\"ReadAction\",\"target\":[\"https:\/\/www.stargardt.fr\/test\/\"]}]},{\"@type\":\"BreadcrumbList\",\"@id\":\"https:\/\/www.stargardt.fr\/test\/#breadcrumb\",\"itemListElement\":[{\"@type\":\"ListItem\",\"position\":1,\"name\":\"Accueil\",\"item\":\"https:\/\/www.stargardt.fr\/test\/\"},{\"@type\":\"ListItem\",\"position\":2,\"name\":\"Fondation Stargardt\"}]}]}<\/script>\n<!-- \/ Yoast SEO plugin. -->","yoast_head_json":{"title":"Fondation Stargardt","description":"La Fondation Stargardt regroupe et f\u00e9d\u00e8re les personnes atteintes de la maladie de Stargardt pour dynamiser la recherche m\u00e9dicale de nouveaux traitements","robots":{"index":"index","follow":"follow","max-snippet":"max-snippet:-1","max-image-preview":"max-image-preview:large","max-video-preview":"max-video-preview:-1"},"canonical":"https:\/\/www.stargardt.fr\/test\/","og_locale":"fr_FR","og_type":"article","og_title":"Fondation Stargardt","og_description":"La Fondation Stargardt regroupe et f\u00e9d\u00e8re les personnes atteintes de la maladie de Stargardt pour dynamiser la recherche m\u00e9dicale de nouveaux traitements","og_url":"https:\/\/www.stargardt.fr\/test\/","og_site_name":"Nouveau site test","article_modified_time":"2014-06-30T10:46:24+00:00","og_image":[{"url":"http:\/\/s519078666.onlinehome.fr\/wp-content\/uploads\/2014\/02\/agir.jpg"}],"twitter_misc":{"Dur\u00e9e de lecture estim\u00e9e":"2 minutes"},"schema":{"@context":"https:\/\/schema.org","@graph":[{"@type":"WebSite","@id":"https:\/\/www.stargardt.fr\/test\/#website","url":"https:\/\/www.stargardt.fr\/test\/","name":"Nouveau site test","description":"Agir pour la recherche sur la maladie de Stargardt","potentialAction":[{"@type":"SearchAction","target":{"@type":"EntryPoint","urlTemplate":"https:\/\/www.stargardt.fr\/test\/?s={search_term_string}"},"query-input":"required name=search_term_string"}],"inLanguage":"fr-FR"},{"@type":"WebPage","@id":"https:\/\/www.stargardt.fr\/test\/","url":"https:\/\/www.stargardt.fr\/test\/","name":"Fondation Stargardt","isPartOf":{"@id":"https:\/\/www.stargardt.fr\/test\/#website"},"datePublished":"2014-06-30T01:06:51+00:00","dateModified":"2014-06-30T10:46:24+00:00","description":"La Fondation Stargardt regroupe et f\u00e9d\u00e8re les personnes atteintes de la maladie de Stargardt pour dynamiser la recherche m\u00e9dicale de nouveaux traitements","breadcrumb":{"@id":"https:\/\/www.stargardt.fr\/test\/#breadcrumb"},"inLanguage":"fr-FR","potentialAction":[{"@type":"ReadAction","target":["https:\/\/www.stargardt.fr\/test\/"]}]},{"@type":"BreadcrumbList","@id":"https:\/\/www.stargardt.fr\/test\/#breadcrumb","itemListElement":[{"@type":"ListItem","position":1,"name":"Accueil","item":"https:\/\/www.stargardt.fr\/test\/"},{"@type":"ListItem","position":2,"name":"Fondation Stargardt"}]}]}},"_links":{"self":[{"href":"http:\/\/www.stargardt.fr\/test\/wp-json\/wp\/v2\/pages\/17"}],"collection":[{"href":"http:\/\/www.stargardt.fr\/test\/wp-json\/wp\/v2\/pages"}],"about":[{"href":"http:\/\/www.stargardt.fr\/test\/wp-json\/wp\/v2\/types\/page"}],"author":[{"embeddable":true,"href":"http:\/\/www.stargardt.fr\/test\/wp-json\/wp\/v2\/users\/2"}],"replies":[{"embeddable":true,"href":"http:\/\/www.stargardt.fr\/test\/wp-json\/wp\/v2\/comments?post=17"}],"version-history":[{"count":31,"href":"http:\/\/www.stargardt.fr\/test\/wp-json\/wp\/v2\/pages\/17\/revisions"}],"predecessor-version":[{"id":808,"href":"http:\/\/www.stargardt.fr\/test\/wp-json\/wp\/v2\/pages\/17\/revisions\/808"}],"wp:attachment":[{"href":"http:\/\/www.stargardt.fr\/test\/wp-json\/wp\/v2\/media?parent=17"}],"curies":[{"name":"wp","href":"https:\/\/api.w.org\/{rel}","templated":true}]}}