{"id":299,"date":"2014-03-26T22:42:02","date_gmt":"2014-03-26T21:42:02","guid":{"rendered":"http:\/\/s519078666.onlinehome.fr\/?page_id=299"},"modified":"2015-01-12T15:42:29","modified_gmt":"2015-01-12T14:42:29","slug":"nos-missions","status":"publish","type":"page","link":"http:\/\/www.stargardt.fr\/test\/nos-missions\/","title":{"rendered":"Agir ensemble avec la recherche"},"content":{"rendered":"<div class=\"container\"> <div class=\"three-fourth \">\n<h2>Quelle est l\u2019origine de la maladie de Stargardt ? Quand d\u00e9bute-t-elle ? Comment \u00e9volue la vision ? Quels sont les espoirs de traitement ?&#8230;<\/h2>\n<p>Nombre de questions \u00e0 \u00e9lucider pour lesquelles la Fondation Stargardt souhaite apporter sa contribution.<\/p>\n<h3>Les missions de la Fondation Stargardt<\/h3>\n<div style=\"padding-bottom: 10px; margin-top: 10px;\" class=\"space-divider\"><\/div><div class=\"one-sixth \"><img loading=\"lazy\" class=\"size-full wp-image-471 alignnone\" style=\"margin-left: 10px; margin-right: 10px;\" src=\"http:\/\/s519078666.onlinehome.fr\/wp-content\/uploads\/2014\/03\/communaute.gif\" alt=\"communaute\" width=\"80\" height=\"80\" \/><\/div><div class=\"five-sixth last \">\n<p><strong>Cr\u00e9er une communaut\u00e9 de personnes ayant la maladie de Stargardt<\/strong> en vue de\u00a0les regrouper et de les f\u00e9d\u00e9rer autour de la Fondation<\/p>\n<p><\/div><div class=\"clearfix\"><\/div><div style=\"padding-bottom: 0px; margin-top: 0px;\" class=\"space-divider\"><\/div>\n<div class=\"one-sixth \"><img loading=\"lazy\" src=\"http:\/\/s519078666.onlinehome.fr\/wp-content\/uploads\/2014\/03\/infos.gif\" alt=\"infos\" width=\"80\" height=\"80\" \/><\/div><div class=\"five-sixth last \">\n<p><strong>Fournir au public des informations claires et exhaustives sur la maladie de Stargardt<\/strong> afin de permettre \u00e0 chaque personne concern\u00e9e de mieux appr\u00e9hender son origine et son \u00e9volution : comprendre quand commence la maladie, comment elle \u00e9volue, ce que le g\u00e8ne d\u00e9ficient emp\u00eache de faire normalement<\/p>\n<p><\/div><div class=\"clearfix\"><\/div><div style=\"padding-bottom: 0px; margin-top: 0px;\" class=\"space-divider\"><\/div>\n<div class=\"one-sixth \"><img loading=\"lazy\" src=\"http:\/\/s519078666.onlinehome.fr\/wp-content\/uploads\/2014\/03\/coeur.gif\" alt=\"coeur\" width=\"80\" height=\"80\" \/><\/div><div class=\"five-sixth last \">\n<p><strong>Faire d\u00e9couvrir au public les diff\u00e9rentes approches de la recherche de traitement<\/strong> pour cette dystrophie r\u00e9tinienne (th\u00e9rapie g\u00e9nique, pharmacologie, th\u00e9rapie cellulaire, r\u00e9tine artificielle) et l\u2019\u00e9tat de la recherche (les projets de recherche fondamentale, les essais pr\u00e9-cliniques, les essais cliniques)<\/p>\n<p><\/div><div class=\"clearfix\"><\/div><div style=\"padding-bottom: 0px; margin-top: 0px;\" class=\"space-divider\"><\/div>\n<div class=\"one-sixth \"><img loading=\"lazy\" src=\"http:\/\/s519078666.onlinehome.fr\/wp-content\/uploads\/2014\/03\/jaime.gif\" alt=\"jaime\" width=\"80\" height=\"80\" \/><\/div><div class=\"five-sixth last \">\n<p><strong>Soutenir la recherche m\u00e9dicale et devenir un v\u00e9ritable partenaire des \u00e9quipes scientifiques<\/strong> en facilitant et en acc\u00e9l\u00e9rant le recrutement des patients dans leurs travaux de recherche<br \/>\n<strong>Participer aux financements de la recherche<\/strong> notamment gr\u00e2ce aux soutiens des donateurs<\/p>\n<\/div><div class=\"clearfix\"><\/div>\n<\/div>\n<div class=\"one-fourth last \">\n<h3>Vous pouvez nous contacter \u00e0 l\u2019adresse suivante :<\/h3>\n<h4><strong>Fondation Stargardt<\/strong><br \/>\n9 rue Pastourelle<br \/>\n75003 Paris, France<br \/>\nT\u00e9l. : +33 (0)9 53 73 68 15<\/h4>\n<a style=\"background-color: #009dc7; color: #ffffff;\"  class=\"sd-button large  \" href=\"\/faites-un-don\/\" > FAITES UN DON<\/a>\n<\/div><div class=\"clearfix\"><\/div>\n<\/div>\n<div style=\"padding-bottom:20px; padding-top:10px;\" class=\"hupso-share-buttons\"><!-- Hupso Share Buttons - https:\/\/www.hupso.com\/share\/ --><a class=\"hupso_toolbar\" href=\"https:\/\/www.hupso.com\/share\/\"><img src=\"http:\/\/static.hupso.com\/share\/buttons\/lang\/fr\/share.png\" rel=\"PrettyPhoto[299]\" style=\"border:0px; padding-top: 5px; float:left;\" alt=\"Share Button\"\/><\/a><script type=\"text\/javascript\">var hupso_services_t=new Array(\"Twitter\",\"Facebook\",\"Google Plus\");var hupso_background_t=\"#EAF4FF\";var hupso_border_t=\"#66CCFF\";var hupso_toolbar_size_t=\"big\";var hupso_image_folder_url = \"\";var hupso_url_t=\"\";var hupso_title_t=\"Agir%20ensemble%20avec%20la%20recherche\";<\/script><script type=\"text\/javascript\" src=\"http:\/\/static.hupso.com\/share\/js\/share_toolbar.js\"><\/script><!-- Hupso Share Buttons --><\/div>","protected":false},"excerpt":{"rendered":"<div style=\"padding-bottom:20px; padding-top:10px;\" class=\"hupso-share-buttons\"><!-- Hupso Share Buttons - https:\/\/www.hupso.com\/share\/ --><a class=\"hupso_toolbar\" href=\"https:\/\/www.hupso.com\/share\/\"><img src=\"http:\/\/static.hupso.com\/share\/buttons\/lang\/fr\/share.png\" style=\"border:0px; padding-top: 5px; float:left;\" alt=\"Share Button\"\/><\/a><script type=\"text\/javascript\">var hupso_services_t=new Array(\"Twitter\",\"Facebook\",\"Google Plus\");var hupso_background_t=\"#EAF4FF\";var hupso_border_t=\"#66CCFF\";var hupso_toolbar_size_t=\"big\";var hupso_image_folder_url = \"\";var hupso_url_t=\"\";var hupso_title_t=\"Agir%20ensemble%20avec%20la%20recherche\";<\/script><script type=\"text\/javascript\" src=\"http:\/\/static.hupso.com\/share\/js\/share_toolbar.js\"><\/script><!-- Hupso Share Buttons --><\/div>","protected":false},"author":1,"featured_media":0,"parent":0,"menu_order":0,"comment_status":"open","ping_status":"open","template":"full-width-page.php","meta":[],"yoast_head":"<!-- This site is optimized with the Yoast SEO plugin v19.4 - https:\/\/yoast.com\/wordpress\/plugins\/seo\/ -->\n<title>Agir avec la recherche contre la maladie de Stargardt<\/title>\n<meta name=\"description\" content=\"La mission de la Fondation Stargardt est de soutenir et d&#039;agir avec la recherche contre la maladie de Stargardt\" \/>\n<meta name=\"robots\" content=\"index, follow, max-snippet:-1, max-image-preview:large, max-video-preview:-1\" \/>\n<link rel=\"canonical\" href=\"http:\/\/www.stargardt.fr\/test\/nos-missions\/\" \/>\n<meta property=\"og:locale\" content=\"fr_FR\" \/>\n<meta property=\"og:type\" content=\"article\" \/>\n<meta property=\"og:title\" content=\"Agir avec la recherche contre la maladie de Stargardt\" \/>\n<meta property=\"og:description\" content=\"La mission de la Fondation Stargardt est de soutenir et d&#039;agir avec la recherche contre la maladie de Stargardt\" \/>\n<meta property=\"og:url\" content=\"http:\/\/www.stargardt.fr\/test\/nos-missions\/\" \/>\n<meta property=\"og:site_name\" content=\"Nouveau site test\" \/>\n<meta property=\"article:modified_time\" content=\"2015-01-12T14:42:29+00:00\" \/>\n<meta property=\"og:image\" content=\"http:\/\/s519078666.onlinehome.fr\/wp-content\/uploads\/2014\/03\/communaute.gif\" \/>\n<meta name=\"twitter:label1\" content=\"Dur\u00e9e de lecture estim\u00e9e\" \/>\n\t<meta name=\"twitter:data1\" content=\"2 minutes\" \/>\n<script type=\"application\/ld+json\" class=\"yoast-schema-graph\">{\"@context\":\"https:\/\/schema.org\",\"@graph\":[{\"@type\":\"WebSite\",\"@id\":\"http:\/\/www.stargardt.fr\/test\/#website\",\"url\":\"http:\/\/www.stargardt.fr\/test\/\",\"name\":\"Nouveau site test\",\"description\":\"Agir pour la recherche sur la maladie de Stargardt\",\"potentialAction\":[{\"@type\":\"SearchAction\",\"target\":{\"@type\":\"EntryPoint\",\"urlTemplate\":\"http:\/\/www.stargardt.fr\/test\/?s={search_term_string}\"},\"query-input\":\"required name=search_term_string\"}],\"inLanguage\":\"fr-FR\"},{\"@type\":\"WebPage\",\"@id\":\"http:\/\/www.stargardt.fr\/test\/nos-missions\/\",\"url\":\"http:\/\/www.stargardt.fr\/test\/nos-missions\/\",\"name\":\"Agir avec la recherche contre la maladie de Stargardt\",\"isPartOf\":{\"@id\":\"http:\/\/www.stargardt.fr\/test\/#website\"},\"datePublished\":\"2014-03-26T21:42:02+00:00\",\"dateModified\":\"2015-01-12T14:42:29+00:00\",\"description\":\"La mission de la Fondation Stargardt est de soutenir et d'agir avec la recherche contre la maladie de Stargardt\",\"breadcrumb\":{\"@id\":\"http:\/\/www.stargardt.fr\/test\/nos-missions\/#breadcrumb\"},\"inLanguage\":\"fr-FR\",\"potentialAction\":[{\"@type\":\"ReadAction\",\"target\":[\"http:\/\/www.stargardt.fr\/test\/nos-missions\/\"]}]},{\"@type\":\"BreadcrumbList\",\"@id\":\"http:\/\/www.stargardt.fr\/test\/nos-missions\/#breadcrumb\",\"itemListElement\":[{\"@type\":\"ListItem\",\"position\":1,\"name\":\"Accueil\",\"item\":\"http:\/\/www.stargardt.fr\/test\/\"},{\"@type\":\"ListItem\",\"position\":2,\"name\":\"Agir ensemble avec la recherche\"}]}]}<\/script>\n<!-- \/ Yoast SEO plugin. -->","yoast_head_json":{"title":"Agir avec la recherche contre la maladie de Stargardt","description":"La mission de la Fondation Stargardt est de soutenir et d'agir avec la recherche contre la maladie de Stargardt","robots":{"index":"index","follow":"follow","max-snippet":"max-snippet:-1","max-image-preview":"max-image-preview:large","max-video-preview":"max-video-preview:-1"},"canonical":"http:\/\/www.stargardt.fr\/test\/nos-missions\/","og_locale":"fr_FR","og_type":"article","og_title":"Agir avec la recherche contre la maladie de Stargardt","og_description":"La mission de la Fondation Stargardt est de soutenir et d'agir avec la recherche contre la maladie de Stargardt","og_url":"http:\/\/www.stargardt.fr\/test\/nos-missions\/","og_site_name":"Nouveau site test","article_modified_time":"2015-01-12T14:42:29+00:00","og_image":[{"url":"http:\/\/s519078666.onlinehome.fr\/wp-content\/uploads\/2014\/03\/communaute.gif"}],"twitter_misc":{"Dur\u00e9e de lecture estim\u00e9e":"2 minutes"},"schema":{"@context":"https:\/\/schema.org","@graph":[{"@type":"WebSite","@id":"http:\/\/www.stargardt.fr\/test\/#website","url":"http:\/\/www.stargardt.fr\/test\/","name":"Nouveau site test","description":"Agir pour la recherche sur la maladie de Stargardt","potentialAction":[{"@type":"SearchAction","target":{"@type":"EntryPoint","urlTemplate":"http:\/\/www.stargardt.fr\/test\/?s={search_term_string}"},"query-input":"required name=search_term_string"}],"inLanguage":"fr-FR"},{"@type":"WebPage","@id":"http:\/\/www.stargardt.fr\/test\/nos-missions\/","url":"http:\/\/www.stargardt.fr\/test\/nos-missions\/","name":"Agir avec la recherche contre la maladie de Stargardt","isPartOf":{"@id":"http:\/\/www.stargardt.fr\/test\/#website"},"datePublished":"2014-03-26T21:42:02+00:00","dateModified":"2015-01-12T14:42:29+00:00","description":"La mission de la Fondation Stargardt est de soutenir et d'agir avec la recherche contre la maladie de Stargardt","breadcrumb":{"@id":"http:\/\/www.stargardt.fr\/test\/nos-missions\/#breadcrumb"},"inLanguage":"fr-FR","potentialAction":[{"@type":"ReadAction","target":["http:\/\/www.stargardt.fr\/test\/nos-missions\/"]}]},{"@type":"BreadcrumbList","@id":"http:\/\/www.stargardt.fr\/test\/nos-missions\/#breadcrumb","itemListElement":[{"@type":"ListItem","position":1,"name":"Accueil","item":"http:\/\/www.stargardt.fr\/test\/"},{"@type":"ListItem","position":2,"name":"Agir ensemble avec la recherche"}]}]}},"_links":{"self":[{"href":"http:\/\/www.stargardt.fr\/test\/wp-json\/wp\/v2\/pages\/299"}],"collection":[{"href":"http:\/\/www.stargardt.fr\/test\/wp-json\/wp\/v2\/pages"}],"about":[{"href":"http:\/\/www.stargardt.fr\/test\/wp-json\/wp\/v2\/types\/page"}],"author":[{"embeddable":true,"href":"http:\/\/www.stargardt.fr\/test\/wp-json\/wp\/v2\/users\/1"}],"replies":[{"embeddable":true,"href":"http:\/\/www.stargardt.fr\/test\/wp-json\/wp\/v2\/comments?post=299"}],"version-history":[{"count":32,"href":"http:\/\/www.stargardt.fr\/test\/wp-json\/wp\/v2\/pages\/299\/revisions"}],"predecessor-version":[{"id":928,"href":"http:\/\/www.stargardt.fr\/test\/wp-json\/wp\/v2\/pages\/299\/revisions\/928"}],"wp:attachment":[{"href":"http:\/\/www.stargardt.fr\/test\/wp-json\/wp\/v2\/media?parent=299"}],"curies":[{"name":"wp","href":"https:\/\/api.w.org\/{rel}","templated":true}]}}