{"id":301,"date":"2014-03-26T22:42:23","date_gmt":"2014-03-26T21:42:23","guid":{"rendered":"http:\/\/s519078666.onlinehome.fr\/?page_id=301"},"modified":"2014-06-13T12:05:08","modified_gmt":"2014-06-13T11:05:08","slug":"comprendre-la-maladie-de-stargardt-maladie-orpheline","status":"publish","type":"page","link":"http:\/\/www.stargardt.fr\/test\/comprendre-la-maladie-de-stargardt-maladie-orpheline\/","title":{"rendered":"Comprendre la maladie de Stargardt"},"content":{"rendered":"<h2>Maladie de Stargardt\u00a0: une maladie orpheline<\/h2>\n<p><strong>La maladie de Stargardt est une Maladie Orpheline h\u00e9r\u00e9ditaire des yeux qui affecte la Macula, r\u00e9gion centrale de la r\u00e9tine.<\/strong><\/p>\n<p>D\u00e9crite pour la premi\u00e8re fois en 1909 par Karl Bruno Stargardt, la maladie de Stargardt se d\u00e9finit par une alt\u00e9ration progressive de la macula appel\u00e9e dystrophie maculaire ou maculopathie qui appara\u00eet avant l\u2019\u00e2ge de 20 ans dans la plupart des cas. Il en r\u00e9sulte une diminution rapide de l\u2019acuit\u00e9 visuelle des deux yeux (bilat\u00e9rale) avec une atteinte de la vision centrale. La perception des d\u00e9tails est diminu\u00e9e et la vision de couleurs rouge-vert est alt\u00e9r\u00e9e.<\/p>\n<p>La r\u00e9tine p\u00e9riph\u00e9rique reste fonctionnelle tout au long de la vie (sauf dans de rares cas), le champ visuel est maintenu ce qui permet aux personnes atteintes de\u00a0la maladie de Stargardt de rester autonomes et ind\u00e9pendant(e)s.<\/p>\n<p>Aujourd\u2019hui, il n\u2019existe pas de traitement.<\/p>\n<p><strong>Un espoir\u00a0:<\/strong> La recherche est en plein essor et des essais cliniques sont maintenant en cours.<\/p>\n<div style=\"padding-bottom:20px; padding-top:10px;\" class=\"hupso-share-buttons\"><!-- Hupso Share Buttons - https:\/\/www.hupso.com\/share\/ --><a class=\"hupso_toolbar\" href=\"https:\/\/www.hupso.com\/share\/\"><img src=\"http:\/\/static.hupso.com\/share\/buttons\/lang\/fr\/share.png\" rel=\"PrettyPhoto[301]\" style=\"border:0px; padding-top: 5px; float:left;\" alt=\"Share Button\"\/><\/a><script type=\"text\/javascript\">var hupso_services_t=new Array(\"Twitter\",\"Facebook\",\"Google Plus\");var hupso_background_t=\"#EAF4FF\";var hupso_border_t=\"#66CCFF\";var hupso_toolbar_size_t=\"big\";var hupso_image_folder_url = \"\";var hupso_url_t=\"\";var hupso_title_t=\"Comprendre%20la%20maladie%20de%20Stargardt%20\";<\/script><script type=\"text\/javascript\" src=\"http:\/\/static.hupso.com\/share\/js\/share_toolbar.js\"><\/script><!-- Hupso Share Buttons --><\/div>","protected":false},"excerpt":{"rendered":"<p>Maladie de Stargardt\u00a0: une maladie orpheline La maladie de Stargardt est une Maladie Orpheline h\u00e9r\u00e9ditaire des yeux qui affecte la Macula, r\u00e9gion centrale de la r\u00e9tine. D\u00e9crite pour la premi\u00e8re fois en 1909 par Karl Bruno Stargardt, la maladie de Stargardt se d\u00e9finit par une alt\u00e9ration progressive de la macula appel\u00e9e dystrophie maculaire ou maculopathie&#8230;<\/p>\n<div style=\"padding-bottom:20px; padding-top:10px;\" class=\"hupso-share-buttons\"><!-- Hupso Share Buttons - https:\/\/www.hupso.com\/share\/ --><a class=\"hupso_toolbar\" href=\"https:\/\/www.hupso.com\/share\/\"><img src=\"http:\/\/static.hupso.com\/share\/buttons\/lang\/fr\/share.png\" style=\"border:0px; padding-top: 5px; float:left;\" alt=\"Share Button\"\/><\/a><script type=\"text\/javascript\">var hupso_services_t=new Array(\"Twitter\",\"Facebook\",\"Google Plus\");var hupso_background_t=\"#EAF4FF\";var hupso_border_t=\"#66CCFF\";var hupso_toolbar_size_t=\"big\";var hupso_image_folder_url = \"\";var hupso_url_t=\"\";var hupso_title_t=\"Comprendre%20la%20maladie%20de%20Stargardt%20\";<\/script><script type=\"text\/javascript\" src=\"http:\/\/static.hupso.com\/share\/js\/share_toolbar.js\"><\/script><!-- Hupso Share Buttons --><\/div>","protected":false},"author":1,"featured_media":0,"parent":0,"menu_order":0,"comment_status":"open","ping_status":"open","template":"","meta":[],"yoast_head":"<!-- This site is optimized with the Yoast SEO plugin v19.4 - https:\/\/yoast.com\/wordpress\/plugins\/seo\/ -->\n<title>Comprendre la maladie de Stargardt  - Nouveau site test<\/title>\n<meta name=\"description\" content=\"La maladie de Stargardt est une maladie orpheline h\u00e9r\u00e9ditaire des yeux. Elle se d\u00e9finit par une alt\u00e9ration progressive de la macula -dystrophie maculaire\" \/>\n<meta name=\"robots\" content=\"index, follow, max-snippet:-1, max-image-preview:large, max-video-preview:-1\" \/>\n<link rel=\"canonical\" href=\"https:\/\/www.stargardt.fr\/test\/comprendre-la-maladie-de-stargardt-maladie-orpheline\/\" \/>\n<meta property=\"og:locale\" content=\"fr_FR\" \/>\n<meta property=\"og:type\" content=\"article\" \/>\n<meta property=\"og:title\" content=\"Comprendre la maladie de Stargardt  - Nouveau site test\" \/>\n<meta property=\"og:description\" content=\"La maladie de Stargardt est une maladie orpheline h\u00e9r\u00e9ditaire des yeux. Elle se d\u00e9finit par une alt\u00e9ration progressive de la macula -dystrophie maculaire\" \/>\n<meta property=\"og:url\" content=\"https:\/\/www.stargardt.fr\/test\/comprendre-la-maladie-de-stargardt-maladie-orpheline\/\" \/>\n<meta property=\"og:site_name\" content=\"Nouveau site test\" \/>\n<meta property=\"article:modified_time\" content=\"2014-06-13T11:05:08+00:00\" \/>\n<meta name=\"twitter:label1\" content=\"Dur\u00e9e de lecture estim\u00e9e\" \/>\n\t<meta name=\"twitter:data1\" content=\"1 minute\" \/>\n<script type=\"application\/ld+json\" class=\"yoast-schema-graph\">{\"@context\":\"https:\/\/schema.org\",\"@graph\":[{\"@type\":\"WebSite\",\"@id\":\"https:\/\/www.stargardt.fr\/test\/#website\",\"url\":\"https:\/\/www.stargardt.fr\/test\/\",\"name\":\"Nouveau site test\",\"description\":\"Agir pour la recherche sur la maladie de Stargardt\",\"potentialAction\":[{\"@type\":\"SearchAction\",\"target\":{\"@type\":\"EntryPoint\",\"urlTemplate\":\"https:\/\/www.stargardt.fr\/test\/?s={search_term_string}\"},\"query-input\":\"required name=search_term_string\"}],\"inLanguage\":\"fr-FR\"},{\"@type\":\"WebPage\",\"@id\":\"https:\/\/www.stargardt.fr\/test\/comprendre-la-maladie-de-stargardt-maladie-orpheline\/\",\"url\":\"https:\/\/www.stargardt.fr\/test\/comprendre-la-maladie-de-stargardt-maladie-orpheline\/\",\"name\":\"Comprendre la maladie de Stargardt - Nouveau site test\",\"isPartOf\":{\"@id\":\"https:\/\/www.stargardt.fr\/test\/#website\"},\"datePublished\":\"2014-03-26T21:42:23+00:00\",\"dateModified\":\"2014-06-13T11:05:08+00:00\",\"description\":\"La maladie de Stargardt est une maladie orpheline h\u00e9r\u00e9ditaire des yeux. Elle se d\u00e9finit par une alt\u00e9ration progressive de la macula -dystrophie maculaire\",\"breadcrumb\":{\"@id\":\"https:\/\/www.stargardt.fr\/test\/comprendre-la-maladie-de-stargardt-maladie-orpheline\/#breadcrumb\"},\"inLanguage\":\"fr-FR\",\"potentialAction\":[{\"@type\":\"ReadAction\",\"target\":[\"https:\/\/www.stargardt.fr\/test\/comprendre-la-maladie-de-stargardt-maladie-orpheline\/\"]}]},{\"@type\":\"BreadcrumbList\",\"@id\":\"https:\/\/www.stargardt.fr\/test\/comprendre-la-maladie-de-stargardt-maladie-orpheline\/#breadcrumb\",\"itemListElement\":[{\"@type\":\"ListItem\",\"position\":1,\"name\":\"Accueil\",\"item\":\"https:\/\/www.stargardt.fr\/test\/\"},{\"@type\":\"ListItem\",\"position\":2,\"name\":\"Comprendre la maladie de Stargardt\"}]}]}<\/script>\n<!-- \/ Yoast SEO plugin. -->","yoast_head_json":{"title":"Comprendre la maladie de Stargardt  - Nouveau site test","description":"La maladie de Stargardt est une maladie orpheline h\u00e9r\u00e9ditaire des yeux. Elle se d\u00e9finit par une alt\u00e9ration progressive de la macula -dystrophie maculaire","robots":{"index":"index","follow":"follow","max-snippet":"max-snippet:-1","max-image-preview":"max-image-preview:large","max-video-preview":"max-video-preview:-1"},"canonical":"https:\/\/www.stargardt.fr\/test\/comprendre-la-maladie-de-stargardt-maladie-orpheline\/","og_locale":"fr_FR","og_type":"article","og_title":"Comprendre la maladie de Stargardt  - Nouveau site test","og_description":"La maladie de Stargardt est une maladie orpheline h\u00e9r\u00e9ditaire des yeux. Elle se d\u00e9finit par une alt\u00e9ration progressive de la macula -dystrophie maculaire","og_url":"https:\/\/www.stargardt.fr\/test\/comprendre-la-maladie-de-stargardt-maladie-orpheline\/","og_site_name":"Nouveau site test","article_modified_time":"2014-06-13T11:05:08+00:00","twitter_misc":{"Dur\u00e9e de lecture estim\u00e9e":"1 minute"},"schema":{"@context":"https:\/\/schema.org","@graph":[{"@type":"WebSite","@id":"https:\/\/www.stargardt.fr\/test\/#website","url":"https:\/\/www.stargardt.fr\/test\/","name":"Nouveau site test","description":"Agir pour la recherche sur la maladie de Stargardt","potentialAction":[{"@type":"SearchAction","target":{"@type":"EntryPoint","urlTemplate":"https:\/\/www.stargardt.fr\/test\/?s={search_term_string}"},"query-input":"required name=search_term_string"}],"inLanguage":"fr-FR"},{"@type":"WebPage","@id":"https:\/\/www.stargardt.fr\/test\/comprendre-la-maladie-de-stargardt-maladie-orpheline\/","url":"https:\/\/www.stargardt.fr\/test\/comprendre-la-maladie-de-stargardt-maladie-orpheline\/","name":"Comprendre la maladie de Stargardt - Nouveau site test","isPartOf":{"@id":"https:\/\/www.stargardt.fr\/test\/#website"},"datePublished":"2014-03-26T21:42:23+00:00","dateModified":"2014-06-13T11:05:08+00:00","description":"La maladie de Stargardt est une maladie orpheline h\u00e9r\u00e9ditaire des yeux. Elle se d\u00e9finit par une alt\u00e9ration progressive de la macula -dystrophie maculaire","breadcrumb":{"@id":"https:\/\/www.stargardt.fr\/test\/comprendre-la-maladie-de-stargardt-maladie-orpheline\/#breadcrumb"},"inLanguage":"fr-FR","potentialAction":[{"@type":"ReadAction","target":["https:\/\/www.stargardt.fr\/test\/comprendre-la-maladie-de-stargardt-maladie-orpheline\/"]}]},{"@type":"BreadcrumbList","@id":"https:\/\/www.stargardt.fr\/test\/comprendre-la-maladie-de-stargardt-maladie-orpheline\/#breadcrumb","itemListElement":[{"@type":"ListItem","position":1,"name":"Accueil","item":"https:\/\/www.stargardt.fr\/test\/"},{"@type":"ListItem","position":2,"name":"Comprendre la maladie de Stargardt"}]}]}},"_links":{"self":[{"href":"http:\/\/www.stargardt.fr\/test\/wp-json\/wp\/v2\/pages\/301"}],"collection":[{"href":"http:\/\/www.stargardt.fr\/test\/wp-json\/wp\/v2\/pages"}],"about":[{"href":"http:\/\/www.stargardt.fr\/test\/wp-json\/wp\/v2\/types\/page"}],"author":[{"embeddable":true,"href":"http:\/\/www.stargardt.fr\/test\/wp-json\/wp\/v2\/users\/1"}],"replies":[{"embeddable":true,"href":"http:\/\/www.stargardt.fr\/test\/wp-json\/wp\/v2\/comments?post=301"}],"version-history":[{"count":7,"href":"http:\/\/www.stargardt.fr\/test\/wp-json\/wp\/v2\/pages\/301\/revisions"}],"predecessor-version":[{"id":797,"href":"http:\/\/www.stargardt.fr\/test\/wp-json\/wp\/v2\/pages\/301\/revisions\/797"}],"wp:attachment":[{"href":"http:\/\/www.stargardt.fr\/test\/wp-json\/wp\/v2\/media?parent=301"}],"curies":[{"name":"wp","href":"https:\/\/api.w.org\/{rel}","templated":true}]}}