{"id":305,"date":"2014-05-15T12:00:49","date_gmt":"2014-05-15T11:00:49","guid":{"rendered":"http:\/\/s519078666.onlinehome.fr\/?page_id=305"},"modified":"2014-12-04T11:35:59","modified_gmt":"2014-12-04T10:35:59","slug":"recherche-et-etudes-en-cours","status":"publish","type":"page","link":"http:\/\/www.stargardt.fr\/test\/recherche-et-etudes-en-cours\/","title":{"rendered":"Recherche et \u00e9tudes en cours"},"content":{"rendered":"<h2>Le paradoxe de la maladie de Stargardt<\/h2>\n<p>Dans la maladie de Stargardt, <strong>la recherche a permis d\u2019identifier le g\u00e8ne ABCA4 et de mieux comprendre le m\u00e9canisme d\u2019apparition de la maladie<\/strong>. Le fait que la maladie soit li\u00e9e \u00e0 un seul g\u00e8ne a \u00e9t\u00e9 nomm\u00e9 \u00ab\u00a0le paradoxe de la maladie de Stargardt \u00bb car beaucoup de chercheurs avaient pr\u00e9dit un nombre important de g\u00e8nes responsables. C\u2019est en 1997 que le g\u00e8ne ABCA4 a \u00e9t\u00e9 d\u00e9couvert (Allikmets et al. Sciences. 1997).<\/p>\n<p>D\u00e9sormais, les scientifiques s\u2019int\u00e9ressent \u00e0 trouver un traitement dans la maladie de Stargardt et diff\u00e9rentes strat\u00e9gies sont envisag\u00e9es : pr\u00e9vention, arr\u00eat de l\u2019\u00e9volution de la maladie, restauration et\/ou remplacement des cellules endommag\u00e9es\u2026<\/p>\n<p>Une dizaine d\u2019\u00e9quipes de recherche travaille sur cette maladie et sur des voies de d\u00e9veloppement de produits innovants adapt\u00e9s et sp\u00e9cifiques. Actuellement, quelques \u00e9quipes ont obtenu des d\u00e9buts de \u00ab\u00a0preuves de concept\u00a0\u00bb mais non encore exploitables en tant que traitement efficace.<\/p>\n<p>Plusieurs axes de recherche sont \u00e0 l\u2019\u00e9tude et des travaux sont en cours\u00a0: th\u00e9rapie g\u00e9nique, recherche d\u2019un m\u00e9dicament agissant sur le cycle de la vision, th\u00e9rapie cellulaire, implants\u2026<\/p>\n<div style=\"padding-bottom:20px; padding-top:10px;\" class=\"hupso-share-buttons\"><!-- Hupso Share Buttons - https:\/\/www.hupso.com\/share\/ --><a class=\"hupso_toolbar\" href=\"https:\/\/www.hupso.com\/share\/\"><img src=\"http:\/\/static.hupso.com\/share\/buttons\/lang\/fr\/share.png\" rel=\"PrettyPhoto[305]\" style=\"border:0px; padding-top: 5px; float:left;\" alt=\"Share Button\"\/><\/a><script type=\"text\/javascript\">var hupso_services_t=new Array(\"Twitter\",\"Facebook\",\"Google Plus\");var hupso_background_t=\"#EAF4FF\";var hupso_border_t=\"#66CCFF\";var hupso_toolbar_size_t=\"big\";var hupso_image_folder_url = \"\";var hupso_url_t=\"\";var hupso_title_t=\"Recherche%20et%20%C3%A9tudes%20en%20cours\";<\/script><script type=\"text\/javascript\" src=\"http:\/\/static.hupso.com\/share\/js\/share_toolbar.js\"><\/script><!-- Hupso Share Buttons --><\/div>","protected":false},"excerpt":{"rendered":"<p>Le paradoxe de la maladie de Stargardt Dans la maladie de Stargardt, la recherche a permis d\u2019identifier le g\u00e8ne ABCA4 et de mieux comprendre le m\u00e9canisme d\u2019apparition de la maladie. Le fait que la maladie soit li\u00e9e \u00e0 un seul g\u00e8ne a \u00e9t\u00e9 nomm\u00e9 \u00ab\u00a0le paradoxe de la maladie de Stargardt \u00bb car beaucoup de&#8230;<\/p>\n<div style=\"padding-bottom:20px; padding-top:10px;\" class=\"hupso-share-buttons\"><!-- Hupso Share Buttons - https:\/\/www.hupso.com\/share\/ --><a class=\"hupso_toolbar\" href=\"https:\/\/www.hupso.com\/share\/\"><img src=\"http:\/\/static.hupso.com\/share\/buttons\/lang\/fr\/share.png\" style=\"border:0px; padding-top: 5px; float:left;\" alt=\"Share Button\"\/><\/a><script type=\"text\/javascript\">var hupso_services_t=new Array(\"Twitter\",\"Facebook\",\"Google Plus\");var hupso_background_t=\"#EAF4FF\";var hupso_border_t=\"#66CCFF\";var hupso_toolbar_size_t=\"big\";var hupso_image_folder_url = \"\";var hupso_url_t=\"\";var hupso_title_t=\"Recherche%20et%20%C3%A9tudes%20en%20cours\";<\/script><script type=\"text\/javascript\" src=\"http:\/\/static.hupso.com\/share\/js\/share_toolbar.js\"><\/script><!-- Hupso Share Buttons --><\/div>","protected":false},"author":1,"featured_media":0,"parent":0,"menu_order":0,"comment_status":"open","ping_status":"open","template":"","meta":[],"yoast_head":"<!-- This site is optimized with the Yoast SEO plugin v19.4 - https:\/\/yoast.com\/wordpress\/plugins\/seo\/ -->\n<title>Recherche et \u00e9tudes en cours - Nouveau site test<\/title>\n<meta name=\"description\" content=\"Plusieurs axes de recherche et \u00e9tudes en cours pour un traitement de la maladie de Stargardt : th\u00e9rapie g\u00e9nique, pharmacologie, th\u00e9rapie cellulaire, implant\" \/>\n<meta name=\"robots\" content=\"index, follow, max-snippet:-1, max-image-preview:large, max-video-preview:-1\" \/>\n<link rel=\"canonical\" href=\"https:\/\/www.stargardt.fr\/test\/recherche-et-etudes-en-cours\/\" \/>\n<meta property=\"og:locale\" content=\"fr_FR\" \/>\n<meta property=\"og:type\" content=\"article\" \/>\n<meta property=\"og:title\" content=\"Recherche et \u00e9tudes en cours - Nouveau site test\" \/>\n<meta property=\"og:description\" content=\"Plusieurs axes de recherche et \u00e9tudes en cours pour un traitement de la maladie de Stargardt : th\u00e9rapie g\u00e9nique, pharmacologie, th\u00e9rapie cellulaire, implant\" \/>\n<meta property=\"og:url\" content=\"https:\/\/www.stargardt.fr\/test\/recherche-et-etudes-en-cours\/\" \/>\n<meta property=\"og:site_name\" content=\"Nouveau site test\" \/>\n<meta property=\"article:modified_time\" content=\"2014-12-04T10:35:59+00:00\" \/>\n<meta name=\"twitter:label1\" content=\"Dur\u00e9e de lecture estim\u00e9e\" \/>\n\t<meta name=\"twitter:data1\" content=\"1 minute\" \/>\n<script type=\"application\/ld+json\" class=\"yoast-schema-graph\">{\"@context\":\"https:\/\/schema.org\",\"@graph\":[{\"@type\":\"WebSite\",\"@id\":\"https:\/\/www.stargardt.fr\/test\/#website\",\"url\":\"https:\/\/www.stargardt.fr\/test\/\",\"name\":\"Nouveau site test\",\"description\":\"Agir pour la recherche sur la maladie de Stargardt\",\"potentialAction\":[{\"@type\":\"SearchAction\",\"target\":{\"@type\":\"EntryPoint\",\"urlTemplate\":\"https:\/\/www.stargardt.fr\/test\/?s={search_term_string}\"},\"query-input\":\"required name=search_term_string\"}],\"inLanguage\":\"fr-FR\"},{\"@type\":\"WebPage\",\"@id\":\"https:\/\/www.stargardt.fr\/test\/recherche-et-etudes-en-cours\/\",\"url\":\"https:\/\/www.stargardt.fr\/test\/recherche-et-etudes-en-cours\/\",\"name\":\"Recherche et \u00e9tudes en cours - Nouveau site test\",\"isPartOf\":{\"@id\":\"https:\/\/www.stargardt.fr\/test\/#website\"},\"datePublished\":\"2014-05-15T11:00:49+00:00\",\"dateModified\":\"2014-12-04T10:35:59+00:00\",\"description\":\"Plusieurs axes de recherche et \u00e9tudes en cours pour un traitement de la maladie de Stargardt : th\u00e9rapie g\u00e9nique, pharmacologie, th\u00e9rapie cellulaire, implant\",\"breadcrumb\":{\"@id\":\"https:\/\/www.stargardt.fr\/test\/recherche-et-etudes-en-cours\/#breadcrumb\"},\"inLanguage\":\"fr-FR\",\"potentialAction\":[{\"@type\":\"ReadAction\",\"target\":[\"https:\/\/www.stargardt.fr\/test\/recherche-et-etudes-en-cours\/\"]}]},{\"@type\":\"BreadcrumbList\",\"@id\":\"https:\/\/www.stargardt.fr\/test\/recherche-et-etudes-en-cours\/#breadcrumb\",\"itemListElement\":[{\"@type\":\"ListItem\",\"position\":1,\"name\":\"Accueil\",\"item\":\"https:\/\/www.stargardt.fr\/test\/\"},{\"@type\":\"ListItem\",\"position\":2,\"name\":\"Recherche et \u00e9tudes en cours\"}]}]}<\/script>\n<!-- \/ Yoast SEO plugin. -->","yoast_head_json":{"title":"Recherche et \u00e9tudes en cours - Nouveau site test","description":"Plusieurs axes de recherche et \u00e9tudes en cours pour un traitement de la maladie de Stargardt : th\u00e9rapie g\u00e9nique, pharmacologie, th\u00e9rapie cellulaire, implant","robots":{"index":"index","follow":"follow","max-snippet":"max-snippet:-1","max-image-preview":"max-image-preview:large","max-video-preview":"max-video-preview:-1"},"canonical":"https:\/\/www.stargardt.fr\/test\/recherche-et-etudes-en-cours\/","og_locale":"fr_FR","og_type":"article","og_title":"Recherche et \u00e9tudes en cours - Nouveau site test","og_description":"Plusieurs axes de recherche et \u00e9tudes en cours pour un traitement de la maladie de Stargardt : th\u00e9rapie g\u00e9nique, pharmacologie, th\u00e9rapie cellulaire, implant","og_url":"https:\/\/www.stargardt.fr\/test\/recherche-et-etudes-en-cours\/","og_site_name":"Nouveau site test","article_modified_time":"2014-12-04T10:35:59+00:00","twitter_misc":{"Dur\u00e9e de lecture estim\u00e9e":"1 minute"},"schema":{"@context":"https:\/\/schema.org","@graph":[{"@type":"WebSite","@id":"https:\/\/www.stargardt.fr\/test\/#website","url":"https:\/\/www.stargardt.fr\/test\/","name":"Nouveau site test","description":"Agir pour la recherche sur la maladie de Stargardt","potentialAction":[{"@type":"SearchAction","target":{"@type":"EntryPoint","urlTemplate":"https:\/\/www.stargardt.fr\/test\/?s={search_term_string}"},"query-input":"required name=search_term_string"}],"inLanguage":"fr-FR"},{"@type":"WebPage","@id":"https:\/\/www.stargardt.fr\/test\/recherche-et-etudes-en-cours\/","url":"https:\/\/www.stargardt.fr\/test\/recherche-et-etudes-en-cours\/","name":"Recherche et \u00e9tudes en cours - Nouveau site test","isPartOf":{"@id":"https:\/\/www.stargardt.fr\/test\/#website"},"datePublished":"2014-05-15T11:00:49+00:00","dateModified":"2014-12-04T10:35:59+00:00","description":"Plusieurs axes de recherche et \u00e9tudes en cours pour un traitement de la maladie de Stargardt : th\u00e9rapie g\u00e9nique, pharmacologie, th\u00e9rapie cellulaire, implant","breadcrumb":{"@id":"https:\/\/www.stargardt.fr\/test\/recherche-et-etudes-en-cours\/#breadcrumb"},"inLanguage":"fr-FR","potentialAction":[{"@type":"ReadAction","target":["https:\/\/www.stargardt.fr\/test\/recherche-et-etudes-en-cours\/"]}]},{"@type":"BreadcrumbList","@id":"https:\/\/www.stargardt.fr\/test\/recherche-et-etudes-en-cours\/#breadcrumb","itemListElement":[{"@type":"ListItem","position":1,"name":"Accueil","item":"https:\/\/www.stargardt.fr\/test\/"},{"@type":"ListItem","position":2,"name":"Recherche et \u00e9tudes en cours"}]}]}},"_links":{"self":[{"href":"http:\/\/www.stargardt.fr\/test\/wp-json\/wp\/v2\/pages\/305"}],"collection":[{"href":"http:\/\/www.stargardt.fr\/test\/wp-json\/wp\/v2\/pages"}],"about":[{"href":"http:\/\/www.stargardt.fr\/test\/wp-json\/wp\/v2\/types\/page"}],"author":[{"embeddable":true,"href":"http:\/\/www.stargardt.fr\/test\/wp-json\/wp\/v2\/users\/1"}],"replies":[{"embeddable":true,"href":"http:\/\/www.stargardt.fr\/test\/wp-json\/wp\/v2\/comments?post=305"}],"version-history":[{"count":13,"href":"http:\/\/www.stargardt.fr\/test\/wp-json\/wp\/v2\/pages\/305\/revisions"}],"predecessor-version":[{"id":894,"href":"http:\/\/www.stargardt.fr\/test\/wp-json\/wp\/v2\/pages\/305\/revisions\/894"}],"wp:attachment":[{"href":"http:\/\/www.stargardt.fr\/test\/wp-json\/wp\/v2\/media?parent=305"}],"curies":[{"name":"wp","href":"https:\/\/api.w.org\/{rel}","templated":true}]}}