{"id":307,"date":"2014-03-26T22:43:00","date_gmt":"2014-03-26T21:43:00","guid":{"rendered":"http:\/\/s519078666.onlinehome.fr\/?page_id=307"},"modified":"2014-12-16T17:21:17","modified_gmt":"2014-12-16T16:21:17","slug":"contacter-la-fondation-stargardt","status":"publish","type":"page","link":"http:\/\/www.stargardt.fr\/test\/contacter-la-fondation-stargardt\/","title":{"rendered":"Contactez-nous"},"content":{"rendered":"<div class=\"container\"> <div class=\"three-fourth \">\n<p><strong>Vous \u00eates atteint(e) de la\u00a0maladie de Stargardt et \u00eates porteur(euse) de mutations du g\u00e8ne ABCA4. <\/strong>Fa\u00eetes vous conna\u00eetre aupr\u00e8s de la Fondation Stargardt en remplissant le formulaire de la rubrique <a title=\"Rejoignez-nous\" href=\"http:\/\/www.stargardt.fr\/test\/rejoignez-nous\/\">Rejoignez-nous (cliquez-ici)<\/a><\/p>\n<p>&nbsp;<\/p>\n<p><strong>Vous \u00eates concern\u00e9(e) par la maladie de Stargardt<\/strong> et souhaitez avoir des renseignements suppl\u00e9mentaires sur les actions de la Fondation Stargardt.<\/p>\n<p>Pour nous contacter, nous vous remercions de bien vouloir compl\u00e9ter ce formulaire.<\/p>\n<p><strong>Contacter la Fondation Stargardt<\/strong> <p class=\"gform_not_found\">A\u00efe ! Nous n\u2019avons pas retrouv\u00e9 votre formulaire.<\/p> <em>Les champs suivis d&rsquo;un ast\u00e9risque (*) sont obligatoires.<\/em> <\/div> <div class=\"one-fourth last \">\n<h3>Vous pouvez nous contacter \u00e0 l\u2019adresse suivante :<\/h3>\n<h4><strong>Fondation Stargardt<\/strong> 9 rue Pastourelle 75003 Paris, France T\u00e9l. : +33 (0)9 53 73 68 15<\/h4>\n<a style=\"background-color: #009dc7; color: #ffffff;\"  class=\"sd-button large  \" href=\"\/faites-un-don\/\" > FAITES UN DON<\/a> <\/div><div class=\"clearfix\"><\/div> <\/div>\n<div style=\"padding-bottom:20px; padding-top:10px;\" class=\"hupso-share-buttons\"><!-- Hupso Share Buttons - https:\/\/www.hupso.com\/share\/ --><a class=\"hupso_toolbar\" href=\"https:\/\/www.hupso.com\/share\/\"><img src=\"http:\/\/static.hupso.com\/share\/buttons\/lang\/fr\/share.png\" rel=\"PrettyPhoto[307]\" style=\"border:0px; padding-top: 5px; float:left;\" alt=\"Share Button\"\/><\/a><script type=\"text\/javascript\">var hupso_services_t=new Array(\"Twitter\",\"Facebook\",\"Google Plus\");var hupso_background_t=\"#EAF4FF\";var hupso_border_t=\"#66CCFF\";var hupso_toolbar_size_t=\"big\";var hupso_image_folder_url = \"\";var hupso_url_t=\"\";var hupso_title_t=\"Contactez-nous\";<\/script><script type=\"text\/javascript\" src=\"http:\/\/static.hupso.com\/share\/js\/share_toolbar.js\"><\/script><!-- Hupso Share Buttons --><\/div>","protected":false},"excerpt":{"rendered":"<div style=\"padding-bottom:20px; padding-top:10px;\" class=\"hupso-share-buttons\"><!-- Hupso Share Buttons - https:\/\/www.hupso.com\/share\/ --><a class=\"hupso_toolbar\" href=\"https:\/\/www.hupso.com\/share\/\"><img src=\"http:\/\/static.hupso.com\/share\/buttons\/lang\/fr\/share.png\" style=\"border:0px; padding-top: 5px; float:left;\" alt=\"Share Button\"\/><\/a><script type=\"text\/javascript\">var hupso_services_t=new Array(\"Twitter\",\"Facebook\",\"Google Plus\");var hupso_background_t=\"#EAF4FF\";var hupso_border_t=\"#66CCFF\";var hupso_toolbar_size_t=\"big\";var hupso_image_folder_url = \"\";var hupso_url_t=\"\";var hupso_title_t=\"Contactez-nous\";<\/script><script type=\"text\/javascript\" src=\"http:\/\/static.hupso.com\/share\/js\/share_toolbar.js\"><\/script><!-- Hupso Share Buttons --><\/div>","protected":false},"author":1,"featured_media":0,"parent":0,"menu_order":0,"comment_status":"open","ping_status":"open","template":"full-width-page.php","meta":[],"yoast_head":"<!-- This site is optimized with the Yoast SEO plugin v19.4 - https:\/\/yoast.com\/wordpress\/plugins\/seo\/ -->\n<title>Contactez-nous - Nouveau site test<\/title>\n<meta name=\"description\" content=\"Vous souhaitez avoir plus de renseignements sur les actions de la Fondation Stargardt. Pour contacter la Fondation Stargardt, remplir le formulaire...\" \/>\n<meta name=\"robots\" content=\"index, follow, max-snippet:-1, max-image-preview:large, max-video-preview:-1\" \/>\n<link rel=\"canonical\" href=\"http:\/\/www.stargardt.fr\/test\/contacter-la-fondation-stargardt\/\" \/>\n<meta property=\"og:locale\" content=\"fr_FR\" \/>\n<meta property=\"og:type\" content=\"article\" \/>\n<meta property=\"og:title\" content=\"Contactez-nous - Nouveau site test\" \/>\n<meta property=\"og:description\" content=\"Vous souhaitez avoir plus de renseignements sur les actions de la Fondation Stargardt. Pour contacter la Fondation Stargardt, remplir le formulaire...\" \/>\n<meta property=\"og:url\" content=\"http:\/\/www.stargardt.fr\/test\/contacter-la-fondation-stargardt\/\" \/>\n<meta property=\"og:site_name\" content=\"Nouveau site test\" \/>\n<meta property=\"article:modified_time\" content=\"2014-12-16T16:21:17+00:00\" \/>\n<meta name=\"twitter:label1\" content=\"Dur\u00e9e de lecture estim\u00e9e\" \/>\n\t<meta name=\"twitter:data1\" content=\"1 minute\" \/>\n<script type=\"application\/ld+json\" class=\"yoast-schema-graph\">{\"@context\":\"https:\/\/schema.org\",\"@graph\":[{\"@type\":\"WebSite\",\"@id\":\"http:\/\/www.stargardt.fr\/test\/#website\",\"url\":\"http:\/\/www.stargardt.fr\/test\/\",\"name\":\"Nouveau site test\",\"description\":\"Agir pour la recherche sur la maladie de Stargardt\",\"potentialAction\":[{\"@type\":\"SearchAction\",\"target\":{\"@type\":\"EntryPoint\",\"urlTemplate\":\"http:\/\/www.stargardt.fr\/test\/?s={search_term_string}\"},\"query-input\":\"required name=search_term_string\"}],\"inLanguage\":\"fr-FR\"},{\"@type\":\"WebPage\",\"@id\":\"http:\/\/www.stargardt.fr\/test\/contacter-la-fondation-stargardt\/\",\"url\":\"http:\/\/www.stargardt.fr\/test\/contacter-la-fondation-stargardt\/\",\"name\":\"Contactez-nous - Nouveau site test\",\"isPartOf\":{\"@id\":\"http:\/\/www.stargardt.fr\/test\/#website\"},\"datePublished\":\"2014-03-26T21:43:00+00:00\",\"dateModified\":\"2014-12-16T16:21:17+00:00\",\"description\":\"Vous souhaitez avoir plus de renseignements sur les actions de la Fondation Stargardt. Pour contacter la Fondation Stargardt, remplir le formulaire...\",\"breadcrumb\":{\"@id\":\"http:\/\/www.stargardt.fr\/test\/contacter-la-fondation-stargardt\/#breadcrumb\"},\"inLanguage\":\"fr-FR\",\"potentialAction\":[{\"@type\":\"ReadAction\",\"target\":[\"http:\/\/www.stargardt.fr\/test\/contacter-la-fondation-stargardt\/\"]}]},{\"@type\":\"BreadcrumbList\",\"@id\":\"http:\/\/www.stargardt.fr\/test\/contacter-la-fondation-stargardt\/#breadcrumb\",\"itemListElement\":[{\"@type\":\"ListItem\",\"position\":1,\"name\":\"Accueil\",\"item\":\"http:\/\/www.stargardt.fr\/test\/\"},{\"@type\":\"ListItem\",\"position\":2,\"name\":\"Contactez-nous\"}]}]}<\/script>\n<!-- \/ Yoast SEO plugin. -->","yoast_head_json":{"title":"Contactez-nous - Nouveau site test","description":"Vous souhaitez avoir plus de renseignements sur les actions de la Fondation Stargardt. Pour contacter la Fondation Stargardt, remplir le formulaire...","robots":{"index":"index","follow":"follow","max-snippet":"max-snippet:-1","max-image-preview":"max-image-preview:large","max-video-preview":"max-video-preview:-1"},"canonical":"http:\/\/www.stargardt.fr\/test\/contacter-la-fondation-stargardt\/","og_locale":"fr_FR","og_type":"article","og_title":"Contactez-nous - Nouveau site test","og_description":"Vous souhaitez avoir plus de renseignements sur les actions de la Fondation Stargardt. Pour contacter la Fondation Stargardt, remplir le formulaire...","og_url":"http:\/\/www.stargardt.fr\/test\/contacter-la-fondation-stargardt\/","og_site_name":"Nouveau site test","article_modified_time":"2014-12-16T16:21:17+00:00","twitter_misc":{"Dur\u00e9e de lecture estim\u00e9e":"1 minute"},"schema":{"@context":"https:\/\/schema.org","@graph":[{"@type":"WebSite","@id":"http:\/\/www.stargardt.fr\/test\/#website","url":"http:\/\/www.stargardt.fr\/test\/","name":"Nouveau site test","description":"Agir pour la recherche sur la maladie de Stargardt","potentialAction":[{"@type":"SearchAction","target":{"@type":"EntryPoint","urlTemplate":"http:\/\/www.stargardt.fr\/test\/?s={search_term_string}"},"query-input":"required name=search_term_string"}],"inLanguage":"fr-FR"},{"@type":"WebPage","@id":"http:\/\/www.stargardt.fr\/test\/contacter-la-fondation-stargardt\/","url":"http:\/\/www.stargardt.fr\/test\/contacter-la-fondation-stargardt\/","name":"Contactez-nous - Nouveau site test","isPartOf":{"@id":"http:\/\/www.stargardt.fr\/test\/#website"},"datePublished":"2014-03-26T21:43:00+00:00","dateModified":"2014-12-16T16:21:17+00:00","description":"Vous souhaitez avoir plus de renseignements sur les actions de la Fondation Stargardt. Pour contacter la Fondation Stargardt, remplir le formulaire...","breadcrumb":{"@id":"http:\/\/www.stargardt.fr\/test\/contacter-la-fondation-stargardt\/#breadcrumb"},"inLanguage":"fr-FR","potentialAction":[{"@type":"ReadAction","target":["http:\/\/www.stargardt.fr\/test\/contacter-la-fondation-stargardt\/"]}]},{"@type":"BreadcrumbList","@id":"http:\/\/www.stargardt.fr\/test\/contacter-la-fondation-stargardt\/#breadcrumb","itemListElement":[{"@type":"ListItem","position":1,"name":"Accueil","item":"http:\/\/www.stargardt.fr\/test\/"},{"@type":"ListItem","position":2,"name":"Contactez-nous"}]}]}},"_links":{"self":[{"href":"http:\/\/www.stargardt.fr\/test\/wp-json\/wp\/v2\/pages\/307"}],"collection":[{"href":"http:\/\/www.stargardt.fr\/test\/wp-json\/wp\/v2\/pages"}],"about":[{"href":"http:\/\/www.stargardt.fr\/test\/wp-json\/wp\/v2\/types\/page"}],"author":[{"embeddable":true,"href":"http:\/\/www.stargardt.fr\/test\/wp-json\/wp\/v2\/users\/1"}],"replies":[{"embeddable":true,"href":"http:\/\/www.stargardt.fr\/test\/wp-json\/wp\/v2\/comments?post=307"}],"version-history":[{"count":14,"href":"http:\/\/www.stargardt.fr\/test\/wp-json\/wp\/v2\/pages\/307\/revisions"}],"predecessor-version":[{"id":816,"href":"http:\/\/www.stargardt.fr\/test\/wp-json\/wp\/v2\/pages\/307\/revisions\/816"}],"wp:attachment":[{"href":"http:\/\/www.stargardt.fr\/test\/wp-json\/wp\/v2\/media?parent=307"}],"curies":[{"name":"wp","href":"https:\/\/api.w.org\/{rel}","templated":true}]}}