{"id":311,"date":"2014-03-26T22:44:22","date_gmt":"2014-03-26T21:44:22","guid":{"rendered":"http:\/\/s519078666.onlinehome.fr\/?page_id=311"},"modified":"2015-01-12T16:36:56","modified_gmt":"2015-01-12T15:36:56","slug":"rejoignez-nous","status":"publish","type":"page","link":"http:\/\/www.stargardt.fr\/test\/rejoignez-nous\/","title":{"rendered":"Rejoignez-nous"},"content":{"rendered":"<div class=\"container\"> <div class=\"three-fourth \">\n<h2>Vous \u00eates concern\u00e9(e) par la maladie de Stargardt et \u00eates porteur(euse) de mutations du g\u00e8ne ABCA4. Rejoignez-nous\u00a0!<\/h2>\n<p>&nbsp;<\/p>\n<h3>La Fondation Stargardt accompagne et finance la recherche d\u2019un traitement pour la maladie de Stargardt.<\/h3>\n<p>Elle a pour ambition de cr\u00e9er une interaction active entre les patient(e)s et le monde de la recherche m\u00e9dicale, pour <em>in fine<\/em> stopper la maladie et de restaurer la vision.<\/p>\n<p>La Fondation Stargardt se donne pour mission de regrouper et f\u00e9d\u00e9rer les personnes atteintes de cette maladie et porteuses d&rsquo;alt\u00e9rations du g\u00e8ne ABCA4 autour de projets de la Fondation.<\/p>\n<p>En nous rejoignant en tant que porteur(euse) de mutations du g\u00e8ne ABCA4:<\/p>\n<ul>\n<li>Vous participez \u00e0 la cr\u00e9ation d\u2019une communaut\u00e9 de personnes atteintes de la maladie de Stargardt porteuses de mutations du g\u00e8ne ABCA4 engag\u00e9es dans la recherche d\u2019un traitement<\/li>\n<li>Vous aurez la possibilit\u00e9 de suivre <em>via<\/em> la Fondation Stargardt le d\u00e9veloppement d\u2019essais cliniques mis en place par des \u00e9quipes de chercheurs de renomm\u00e9es internationales (ophtalmologie, biologie, en th\u00e9rapie g\u00e9nique et cellulaire\u2026) et des services hospitaliers (priv\u00e9s, publiques)<\/li>\n<li>Vous recevez tous les 6 mois les derni\u00e8res informations pertinentes sur la recherche dans la maladie de Stargardt.<\/li>\n<\/ul>\n<h3><\/h3>\n<h3>Pour faire avancer la recherche, accompagnez la Fondation Stargardt dans ses missions.<\/h3>\n<p><strong>Rejoignez la communaut\u00e9 \u00abAvec la recherche pour la Maladie de Stargardt \u00bb en remplissant ce formulaire.<\/strong><\/p>\n<p>Nous vous demandons vos coordonn\u00e9es afin de pouvoir vous int\u00e9grer dans notre base communautaire.<br \/>\nLa loi Informatique et Libert\u00e9s vous donne droit d\u2019acc\u00e8s, de suppression et de rectification aux donn\u00e9es personnelles vous concernant. Il suffit de vous adresser \u00e0 la Fondation Stargardt.<br \/>\nNous vous remercions de bien vouloir compl\u00e9ter ce formulaire ; les champs\u00a0 avec un ast\u00e9risque doivent \u00eatre obligatoirement compl\u00e9t\u00e9s.<\/p>\n<p><p class=\"gform_not_found\">A\u00efe ! Nous n\u2019avons pas retrouv\u00e9 votre formulaire.<\/p><\/p>\n<p><em>* les champs avec un ast\u00e9risque doivent \u00eatre obligatoirement compl\u00e9t\u00e9s<\/em><\/p>\n<p><em>La loi Informatique et Libert\u00e9s vous donne droit d\u2019acc\u00e8s, de suppression et de rectification aux donn\u00e9es personnelles vous concernant. Il suffit de vous adresser \u00e0 la Fondation Stargardt.<\/em><\/p>\n<\/div>\n<div class=\"one-fourth last \">\n<h3>Vous pouvez nous contacter \u00e0 l\u2019adresse suivante :<\/h3>\n<h4><strong>Fondation Stargardt<\/strong><br \/>\n9 rue Pastourelle<br \/>\n75003 Paris, France<br \/>\nT\u00e9l. : +33 (0)9 53 73 68 15<\/h4>\n<a style=\"background-color: #009dc7; color: #ffffff;\"  class=\"sd-button large  \" href=\"\/faites-un-don\/\" > FAITES UN DON<\/a>\n<\/div><div class=\"clearfix\"><\/div>\n<p><\/div>\n<div style=\"padding-bottom:20px; padding-top:10px;\" class=\"hupso-share-buttons\"><!-- Hupso Share Buttons - https:\/\/www.hupso.com\/share\/ --><a class=\"hupso_toolbar\" href=\"https:\/\/www.hupso.com\/share\/\"><img src=\"http:\/\/static.hupso.com\/share\/buttons\/lang\/fr\/share.png\" rel=\"PrettyPhoto[311]\" style=\"border:0px; padding-top: 5px; float:left;\" alt=\"Share Button\"\/><\/a><script type=\"text\/javascript\">var hupso_services_t=new Array(\"Twitter\",\"Facebook\",\"Google Plus\");var hupso_background_t=\"#EAF4FF\";var hupso_border_t=\"#66CCFF\";var hupso_toolbar_size_t=\"big\";var hupso_image_folder_url = \"\";var hupso_url_t=\"\";var hupso_title_t=\"Rejoignez-nous\";<\/script><script type=\"text\/javascript\" src=\"http:\/\/static.hupso.com\/share\/js\/share_toolbar.js\"><\/script><!-- Hupso Share Buttons --><\/div>","protected":false},"excerpt":{"rendered":"<div style=\"padding-bottom:20px; padding-top:10px;\" class=\"hupso-share-buttons\"><!-- Hupso Share Buttons - https:\/\/www.hupso.com\/share\/ --><a class=\"hupso_toolbar\" href=\"https:\/\/www.hupso.com\/share\/\"><img src=\"http:\/\/static.hupso.com\/share\/buttons\/lang\/fr\/share.png\" style=\"border:0px; padding-top: 5px; float:left;\" alt=\"Share Button\"\/><\/a><script type=\"text\/javascript\">var hupso_services_t=new Array(\"Twitter\",\"Facebook\",\"Google Plus\");var hupso_background_t=\"#EAF4FF\";var hupso_border_t=\"#66CCFF\";var hupso_toolbar_size_t=\"big\";var hupso_image_folder_url = \"\";var hupso_url_t=\"\";var hupso_title_t=\"Rejoignez-nous\";<\/script><script type=\"text\/javascript\" src=\"http:\/\/static.hupso.com\/share\/js\/share_toolbar.js\"><\/script><!-- Hupso Share Buttons --><\/div>","protected":false},"author":1,"featured_media":0,"parent":0,"menu_order":0,"comment_status":"open","ping_status":"open","template":"full-width-page.php","meta":[],"yoast_head":"<!-- This site is optimized with the Yoast SEO plugin v19.4 - https:\/\/yoast.com\/wordpress\/plugins\/seo\/ -->\n<title>Rejoignez-nous - Nouveau site test<\/title>\n<meta name=\"description\" content=\"Vous \u00eates concern\u00e9(e) par la maladie de Stargardt et \u00eates porteur(euse) de mutations du g\u00e8ne ABCA4. Rejoignez-nous pour faire avancer la recherche!\" \/>\n<meta name=\"robots\" content=\"index, follow, max-snippet:-1, max-image-preview:large, max-video-preview:-1\" \/>\n<link rel=\"canonical\" href=\"https:\/\/www.stargardt.fr\/test\/rejoignez-nous\/\" \/>\n<meta property=\"og:locale\" content=\"fr_FR\" \/>\n<meta property=\"og:type\" content=\"article\" \/>\n<meta property=\"og:title\" content=\"Rejoignez-nous - Nouveau site test\" \/>\n<meta property=\"og:description\" content=\"Vous \u00eates concern\u00e9(e) par la maladie de Stargardt et \u00eates porteur(euse) de mutations du g\u00e8ne ABCA4. Rejoignez-nous pour faire avancer la recherche!\" \/>\n<meta property=\"og:url\" content=\"https:\/\/www.stargardt.fr\/test\/rejoignez-nous\/\" \/>\n<meta property=\"og:site_name\" content=\"Nouveau site test\" \/>\n<meta property=\"article:modified_time\" content=\"2015-01-12T15:36:56+00:00\" \/>\n<meta name=\"twitter:label1\" content=\"Dur\u00e9e de lecture estim\u00e9e\" \/>\n\t<meta name=\"twitter:data1\" content=\"2 minutes\" \/>\n<script type=\"application\/ld+json\" class=\"yoast-schema-graph\">{\"@context\":\"https:\/\/schema.org\",\"@graph\":[{\"@type\":\"WebSite\",\"@id\":\"https:\/\/www.stargardt.fr\/test\/#website\",\"url\":\"https:\/\/www.stargardt.fr\/test\/\",\"name\":\"Nouveau site test\",\"description\":\"Agir pour la recherche sur la maladie de Stargardt\",\"potentialAction\":[{\"@type\":\"SearchAction\",\"target\":{\"@type\":\"EntryPoint\",\"urlTemplate\":\"https:\/\/www.stargardt.fr\/test\/?s={search_term_string}\"},\"query-input\":\"required name=search_term_string\"}],\"inLanguage\":\"fr-FR\"},{\"@type\":\"WebPage\",\"@id\":\"https:\/\/www.stargardt.fr\/test\/rejoignez-nous\/\",\"url\":\"https:\/\/www.stargardt.fr\/test\/rejoignez-nous\/\",\"name\":\"Rejoignez-nous - Nouveau site test\",\"isPartOf\":{\"@id\":\"https:\/\/www.stargardt.fr\/test\/#website\"},\"datePublished\":\"2014-03-26T21:44:22+00:00\",\"dateModified\":\"2015-01-12T15:36:56+00:00\",\"description\":\"Vous \u00eates concern\u00e9(e) par la maladie de Stargardt et \u00eates porteur(euse) de mutations du g\u00e8ne ABCA4. Rejoignez-nous pour faire avancer la recherche!\",\"breadcrumb\":{\"@id\":\"https:\/\/www.stargardt.fr\/test\/rejoignez-nous\/#breadcrumb\"},\"inLanguage\":\"fr-FR\",\"potentialAction\":[{\"@type\":\"ReadAction\",\"target\":[\"https:\/\/www.stargardt.fr\/test\/rejoignez-nous\/\"]}]},{\"@type\":\"BreadcrumbList\",\"@id\":\"https:\/\/www.stargardt.fr\/test\/rejoignez-nous\/#breadcrumb\",\"itemListElement\":[{\"@type\":\"ListItem\",\"position\":1,\"name\":\"Accueil\",\"item\":\"https:\/\/www.stargardt.fr\/test\/\"},{\"@type\":\"ListItem\",\"position\":2,\"name\":\"Rejoignez-nous\"}]}]}<\/script>\n<!-- \/ Yoast SEO plugin. -->","yoast_head_json":{"title":"Rejoignez-nous - Nouveau site test","description":"Vous \u00eates concern\u00e9(e) par la maladie de Stargardt et \u00eates porteur(euse) de mutations du g\u00e8ne ABCA4. Rejoignez-nous pour faire avancer la recherche!","robots":{"index":"index","follow":"follow","max-snippet":"max-snippet:-1","max-image-preview":"max-image-preview:large","max-video-preview":"max-video-preview:-1"},"canonical":"https:\/\/www.stargardt.fr\/test\/rejoignez-nous\/","og_locale":"fr_FR","og_type":"article","og_title":"Rejoignez-nous - Nouveau site test","og_description":"Vous \u00eates concern\u00e9(e) par la maladie de Stargardt et \u00eates porteur(euse) de mutations du g\u00e8ne ABCA4. Rejoignez-nous pour faire avancer la recherche!","og_url":"https:\/\/www.stargardt.fr\/test\/rejoignez-nous\/","og_site_name":"Nouveau site test","article_modified_time":"2015-01-12T15:36:56+00:00","twitter_misc":{"Dur\u00e9e de lecture estim\u00e9e":"2 minutes"},"schema":{"@context":"https:\/\/schema.org","@graph":[{"@type":"WebSite","@id":"https:\/\/www.stargardt.fr\/test\/#website","url":"https:\/\/www.stargardt.fr\/test\/","name":"Nouveau site test","description":"Agir pour la recherche sur la maladie de Stargardt","potentialAction":[{"@type":"SearchAction","target":{"@type":"EntryPoint","urlTemplate":"https:\/\/www.stargardt.fr\/test\/?s={search_term_string}"},"query-input":"required name=search_term_string"}],"inLanguage":"fr-FR"},{"@type":"WebPage","@id":"https:\/\/www.stargardt.fr\/test\/rejoignez-nous\/","url":"https:\/\/www.stargardt.fr\/test\/rejoignez-nous\/","name":"Rejoignez-nous - Nouveau site test","isPartOf":{"@id":"https:\/\/www.stargardt.fr\/test\/#website"},"datePublished":"2014-03-26T21:44:22+00:00","dateModified":"2015-01-12T15:36:56+00:00","description":"Vous \u00eates concern\u00e9(e) par la maladie de Stargardt et \u00eates porteur(euse) de mutations du g\u00e8ne ABCA4. Rejoignez-nous pour faire avancer la recherche!","breadcrumb":{"@id":"https:\/\/www.stargardt.fr\/test\/rejoignez-nous\/#breadcrumb"},"inLanguage":"fr-FR","potentialAction":[{"@type":"ReadAction","target":["https:\/\/www.stargardt.fr\/test\/rejoignez-nous\/"]}]},{"@type":"BreadcrumbList","@id":"https:\/\/www.stargardt.fr\/test\/rejoignez-nous\/#breadcrumb","itemListElement":[{"@type":"ListItem","position":1,"name":"Accueil","item":"https:\/\/www.stargardt.fr\/test\/"},{"@type":"ListItem","position":2,"name":"Rejoignez-nous"}]}]}},"_links":{"self":[{"href":"http:\/\/www.stargardt.fr\/test\/wp-json\/wp\/v2\/pages\/311"}],"collection":[{"href":"http:\/\/www.stargardt.fr\/test\/wp-json\/wp\/v2\/pages"}],"about":[{"href":"http:\/\/www.stargardt.fr\/test\/wp-json\/wp\/v2\/types\/page"}],"author":[{"embeddable":true,"href":"http:\/\/www.stargardt.fr\/test\/wp-json\/wp\/v2\/users\/1"}],"replies":[{"embeddable":true,"href":"http:\/\/www.stargardt.fr\/test\/wp-json\/wp\/v2\/comments?post=311"}],"version-history":[{"count":18,"href":"http:\/\/www.stargardt.fr\/test\/wp-json\/wp\/v2\/pages\/311\/revisions"}],"predecessor-version":[{"id":932,"href":"http:\/\/www.stargardt.fr\/test\/wp-json\/wp\/v2\/pages\/311\/revisions\/932"}],"wp:attachment":[{"href":"http:\/\/www.stargardt.fr\/test\/wp-json\/wp\/v2\/media?parent=311"}],"curies":[{"name":"wp","href":"https:\/\/api.w.org\/{rel}","templated":true}]}}