{"id":350,"date":"2014-03-27T15:25:12","date_gmt":"2014-03-27T14:25:12","guid":{"rendered":"http:\/\/s519078666.onlinehome.fr\/?page_id=350"},"modified":"2014-09-03T15:38:40","modified_gmt":"2014-09-03T14:38:40","slug":"traitement-et-prevention","status":"publish","type":"page","link":"http:\/\/www.stargardt.fr\/test\/comprendre-la-maladie-de-stargardt-maladie-orpheline\/traitement-et-prevention\/","title":{"rendered":"Traitement et pr\u00e9vention"},"content":{"rendered":"<h2>Maladie de Stargardt\u00a0: pas de traitement mais une forte pr\u00e9vention<\/h2>\n<p><strong>Actuellement il n\u2019existe pas de traitement de la maladie de Stargardt. Seules des mesures de pr\u00e9vention existent et sont disponibles.<\/strong><\/p>\n<p>Cependant, des recherches sur la vision sont en cours au niveau international. Elles explorent les domaines de la\u00a0 th\u00e9rapie g\u00e9nique, la th\u00e9rapie cellulaire et la pharmacologie. Des voies de recherche qui pourraient \u00eatre prometteuses pour la maladie de Stargardt, une des dystrophies r\u00e9tiniennes les plus fr\u00e9quentes.<\/p>\n<h3>Au quotidien, certaines mesures de pr\u00e9vention sont recommand\u00e9es\u00a0:<\/h3>\n<ul>\n<li>Le port de verres teint\u00e9s sur des montures dites \u00ab\u00a0couvrantes\u00a0\u00bb pour ne pas laisser les UV passer sur les c\u00f4t\u00e9s. Le but est de filtrer totalement les rayons UV.<\/li>\n<li>Le port d\u2019une casquette en p\u00e9riodes ensoleill\u00e9es permet de diminuer l\u2019intensit\u00e9 de la luminosit\u00e9.<\/li>\n<li>Eviter d\u2019une mani\u00e8re g\u00e9n\u00e9rale le carot\u00e8ne (carottes) et la prise de compl\u00e9ments alimentaires riches en vitamines A ou en b\u00eata-carot\u00e8ne.<\/li>\n<li>Eviter la \u00ab\u00a0nivaquine\u00a0\u00bb d\u2019une mani\u00e8re g\u00e9n\u00e9rale\u2026<\/li>\n<\/ul>\n<h3>Pour le confort de vision, il existe des aides \u00ab\u00a0basse vision\u00a0\u00bb\u00a0comme :<\/h3>\n<ul>\n<li>les lunettes aux verres de couleur orange qui filtrent les UV par temps gris et am\u00e9liorent les contrastes,<\/li>\n<li>les loupes (principalement de poche mais aussi de bureau),<\/li>\n<li>les monoculaires \u00e9ventuellement les petites jumelles,<\/li>\n<li>les t\u00e9lescopes et des syst\u00e8mes d\u2019aides informatis\u00e9es.<\/li>\n<\/ul>\n<h3>D\u2019autres produits adapt\u00e9s \u00e0 la malvoyance sont disponibles\u00a0:<\/h3>\n<ul>\n<li>livres \u00e9lectroniques et sonores,<\/li>\n<li>calculatrices,<\/li>\n<li>t\u00e9l\u00e9phones \u00e0 gros caract\u00e8res<\/li>\n<\/ul>\n<p><a href=\"http:\/\/www.avh.asso.fr\/magasin\/index.php\" target=\"_blank\">Certains de ces produits sont commercialis\u00e9s par l\u2019Association Valentin HAUY<\/a><\/p>\n<div style=\"padding-bottom:20px; padding-top:10px;\" class=\"hupso-share-buttons\"><!-- Hupso Share Buttons - https:\/\/www.hupso.com\/share\/ --><a class=\"hupso_toolbar\" href=\"https:\/\/www.hupso.com\/share\/\"><img src=\"http:\/\/static.hupso.com\/share\/buttons\/lang\/fr\/share.png\" rel=\"PrettyPhoto[350]\" style=\"border:0px; padding-top: 5px; float:left;\" alt=\"Share Button\"\/><\/a><script type=\"text\/javascript\">var hupso_services_t=new Array(\"Twitter\",\"Facebook\",\"Google Plus\");var hupso_background_t=\"#EAF4FF\";var hupso_border_t=\"#66CCFF\";var hupso_toolbar_size_t=\"big\";var hupso_image_folder_url = \"\";var hupso_url_t=\"\";var hupso_title_t=\"Traitement%20et%20pr%C3%A9vention\";<\/script><script type=\"text\/javascript\" src=\"http:\/\/static.hupso.com\/share\/js\/share_toolbar.js\"><\/script><!-- Hupso Share Buttons --><\/div>","protected":false},"excerpt":{"rendered":"<p>Maladie de Stargardt\u00a0: pas de traitement mais une forte pr\u00e9vention Actuellement il n\u2019existe pas de traitement de la maladie de Stargardt. Seules des mesures de pr\u00e9vention existent et sont disponibles. Cependant, des recherches sur la vision sont en cours au niveau international. Elles explorent les domaines de la\u00a0 th\u00e9rapie g\u00e9nique, la th\u00e9rapie cellulaire et la&#8230;<\/p>\n<div style=\"padding-bottom:20px; padding-top:10px;\" class=\"hupso-share-buttons\"><!-- Hupso Share Buttons - https:\/\/www.hupso.com\/share\/ --><a class=\"hupso_toolbar\" href=\"https:\/\/www.hupso.com\/share\/\"><img src=\"http:\/\/static.hupso.com\/share\/buttons\/lang\/fr\/share.png\" style=\"border:0px; padding-top: 5px; float:left;\" alt=\"Share Button\"\/><\/a><script type=\"text\/javascript\">var hupso_services_t=new Array(\"Twitter\",\"Facebook\",\"Google Plus\");var hupso_background_t=\"#EAF4FF\";var hupso_border_t=\"#66CCFF\";var hupso_toolbar_size_t=\"big\";var hupso_image_folder_url = \"\";var hupso_url_t=\"\";var hupso_title_t=\"Traitement%20et%20pr%C3%A9vention\";<\/script><script type=\"text\/javascript\" src=\"http:\/\/static.hupso.com\/share\/js\/share_toolbar.js\"><\/script><!-- Hupso Share Buttons --><\/div>","protected":false},"author":2,"featured_media":0,"parent":301,"menu_order":0,"comment_status":"closed","ping_status":"closed","template":"","meta":[],"yoast_head":"<!-- This site is optimized with the Yoast SEO plugin v19.4 - https:\/\/yoast.com\/wordpress\/plugins\/seo\/ -->\n<title>Traitement et pr\u00e9vention - Nouveau site test<\/title>\n<meta name=\"description\" content=\"Pas de traitement de la maladie de Stargardt mais des mesures de pr\u00e9vention. Des recherches sont en cours en th\u00e9rapie g\u00e9nique, cellulaire et pharmacologie.\" \/>\n<meta name=\"robots\" content=\"index, follow, max-snippet:-1, max-image-preview:large, max-video-preview:-1\" \/>\n<link rel=\"canonical\" href=\"http:\/\/www.stargardt.fr\/test\/comprendre-la-maladie-de-stargardt-maladie-orpheline\/traitement-et-prevention\/\" \/>\n<meta property=\"og:locale\" content=\"fr_FR\" \/>\n<meta property=\"og:type\" content=\"article\" \/>\n<meta property=\"og:title\" content=\"Traitement et pr\u00e9vention - Nouveau site test\" \/>\n<meta property=\"og:description\" content=\"Pas de traitement de la maladie de Stargardt mais des mesures de pr\u00e9vention. Des recherches sont en cours en th\u00e9rapie g\u00e9nique, cellulaire et pharmacologie.\" \/>\n<meta property=\"og:url\" content=\"http:\/\/www.stargardt.fr\/test\/comprendre-la-maladie-de-stargardt-maladie-orpheline\/traitement-et-prevention\/\" \/>\n<meta property=\"og:site_name\" content=\"Nouveau site test\" \/>\n<meta property=\"article:modified_time\" content=\"2014-09-03T14:38:40+00:00\" \/>\n<meta name=\"twitter:label1\" content=\"Dur\u00e9e de lecture estim\u00e9e\" \/>\n\t<meta name=\"twitter:data1\" content=\"1 minute\" \/>\n<script type=\"application\/ld+json\" class=\"yoast-schema-graph\">{\"@context\":\"https:\/\/schema.org\",\"@graph\":[{\"@type\":\"WebSite\",\"@id\":\"http:\/\/www.stargardt.fr\/test\/#website\",\"url\":\"http:\/\/www.stargardt.fr\/test\/\",\"name\":\"Nouveau site test\",\"description\":\"Agir pour la recherche sur la maladie de Stargardt\",\"potentialAction\":[{\"@type\":\"SearchAction\",\"target\":{\"@type\":\"EntryPoint\",\"urlTemplate\":\"http:\/\/www.stargardt.fr\/test\/?s={search_term_string}\"},\"query-input\":\"required name=search_term_string\"}],\"inLanguage\":\"fr-FR\"},{\"@type\":\"WebPage\",\"@id\":\"http:\/\/www.stargardt.fr\/test\/comprendre-la-maladie-de-stargardt-maladie-orpheline\/traitement-et-prevention\/\",\"url\":\"http:\/\/www.stargardt.fr\/test\/comprendre-la-maladie-de-stargardt-maladie-orpheline\/traitement-et-prevention\/\",\"name\":\"Traitement et pr\u00e9vention - Nouveau site test\",\"isPartOf\":{\"@id\":\"http:\/\/www.stargardt.fr\/test\/#website\"},\"datePublished\":\"2014-03-27T14:25:12+00:00\",\"dateModified\":\"2014-09-03T14:38:40+00:00\",\"description\":\"Pas de traitement de la maladie de Stargardt mais des mesures de pr\u00e9vention. Des recherches sont en cours en th\u00e9rapie g\u00e9nique, cellulaire et pharmacologie.\",\"breadcrumb\":{\"@id\":\"http:\/\/www.stargardt.fr\/test\/comprendre-la-maladie-de-stargardt-maladie-orpheline\/traitement-et-prevention\/#breadcrumb\"},\"inLanguage\":\"fr-FR\",\"potentialAction\":[{\"@type\":\"ReadAction\",\"target\":[\"http:\/\/www.stargardt.fr\/test\/comprendre-la-maladie-de-stargardt-maladie-orpheline\/traitement-et-prevention\/\"]}]},{\"@type\":\"BreadcrumbList\",\"@id\":\"http:\/\/www.stargardt.fr\/test\/comprendre-la-maladie-de-stargardt-maladie-orpheline\/traitement-et-prevention\/#breadcrumb\",\"itemListElement\":[{\"@type\":\"ListItem\",\"position\":1,\"name\":\"Accueil\",\"item\":\"http:\/\/www.stargardt.fr\/test\/\"},{\"@type\":\"ListItem\",\"position\":2,\"name\":\"Comprendre la maladie de Stargardt\",\"item\":\"http:\/\/www.stargardt.fr\/test\/comprendre-la-maladie-de-stargardt-maladie-orpheline\/\"},{\"@type\":\"ListItem\",\"position\":3,\"name\":\"Traitement et pr\u00e9vention\"}]}]}<\/script>\n<!-- \/ Yoast SEO plugin. -->","yoast_head_json":{"title":"Traitement et pr\u00e9vention - Nouveau site test","description":"Pas de traitement de la maladie de Stargardt mais des mesures de pr\u00e9vention. Des recherches sont en cours en th\u00e9rapie g\u00e9nique, cellulaire et pharmacologie.","robots":{"index":"index","follow":"follow","max-snippet":"max-snippet:-1","max-image-preview":"max-image-preview:large","max-video-preview":"max-video-preview:-1"},"canonical":"http:\/\/www.stargardt.fr\/test\/comprendre-la-maladie-de-stargardt-maladie-orpheline\/traitement-et-prevention\/","og_locale":"fr_FR","og_type":"article","og_title":"Traitement et pr\u00e9vention - Nouveau site test","og_description":"Pas de traitement de la maladie de Stargardt mais des mesures de pr\u00e9vention. Des recherches sont en cours en th\u00e9rapie g\u00e9nique, cellulaire et pharmacologie.","og_url":"http:\/\/www.stargardt.fr\/test\/comprendre-la-maladie-de-stargardt-maladie-orpheline\/traitement-et-prevention\/","og_site_name":"Nouveau site test","article_modified_time":"2014-09-03T14:38:40+00:00","twitter_misc":{"Dur\u00e9e de lecture estim\u00e9e":"1 minute"},"schema":{"@context":"https:\/\/schema.org","@graph":[{"@type":"WebSite","@id":"http:\/\/www.stargardt.fr\/test\/#website","url":"http:\/\/www.stargardt.fr\/test\/","name":"Nouveau site test","description":"Agir pour la recherche sur la maladie de Stargardt","potentialAction":[{"@type":"SearchAction","target":{"@type":"EntryPoint","urlTemplate":"http:\/\/www.stargardt.fr\/test\/?s={search_term_string}"},"query-input":"required name=search_term_string"}],"inLanguage":"fr-FR"},{"@type":"WebPage","@id":"http:\/\/www.stargardt.fr\/test\/comprendre-la-maladie-de-stargardt-maladie-orpheline\/traitement-et-prevention\/","url":"http:\/\/www.stargardt.fr\/test\/comprendre-la-maladie-de-stargardt-maladie-orpheline\/traitement-et-prevention\/","name":"Traitement et pr\u00e9vention - Nouveau site test","isPartOf":{"@id":"http:\/\/www.stargardt.fr\/test\/#website"},"datePublished":"2014-03-27T14:25:12+00:00","dateModified":"2014-09-03T14:38:40+00:00","description":"Pas de traitement de la maladie de Stargardt mais des mesures de pr\u00e9vention. Des recherches sont en cours en th\u00e9rapie g\u00e9nique, cellulaire et pharmacologie.","breadcrumb":{"@id":"http:\/\/www.stargardt.fr\/test\/comprendre-la-maladie-de-stargardt-maladie-orpheline\/traitement-et-prevention\/#breadcrumb"},"inLanguage":"fr-FR","potentialAction":[{"@type":"ReadAction","target":["http:\/\/www.stargardt.fr\/test\/comprendre-la-maladie-de-stargardt-maladie-orpheline\/traitement-et-prevention\/"]}]},{"@type":"BreadcrumbList","@id":"http:\/\/www.stargardt.fr\/test\/comprendre-la-maladie-de-stargardt-maladie-orpheline\/traitement-et-prevention\/#breadcrumb","itemListElement":[{"@type":"ListItem","position":1,"name":"Accueil","item":"http:\/\/www.stargardt.fr\/test\/"},{"@type":"ListItem","position":2,"name":"Comprendre la maladie de Stargardt","item":"http:\/\/www.stargardt.fr\/test\/comprendre-la-maladie-de-stargardt-maladie-orpheline\/"},{"@type":"ListItem","position":3,"name":"Traitement et pr\u00e9vention"}]}]}},"_links":{"self":[{"href":"http:\/\/www.stargardt.fr\/test\/wp-json\/wp\/v2\/pages\/350"}],"collection":[{"href":"http:\/\/www.stargardt.fr\/test\/wp-json\/wp\/v2\/pages"}],"about":[{"href":"http:\/\/www.stargardt.fr\/test\/wp-json\/wp\/v2\/types\/page"}],"author":[{"embeddable":true,"href":"http:\/\/www.stargardt.fr\/test\/wp-json\/wp\/v2\/users\/2"}],"replies":[{"embeddable":true,"href":"http:\/\/www.stargardt.fr\/test\/wp-json\/wp\/v2\/comments?post=350"}],"version-history":[{"count":12,"href":"http:\/\/www.stargardt.fr\/test\/wp-json\/wp\/v2\/pages\/350\/revisions"}],"predecessor-version":[{"id":843,"href":"http:\/\/www.stargardt.fr\/test\/wp-json\/wp\/v2\/pages\/350\/revisions\/843"}],"up":[{"embeddable":true,"href":"http:\/\/www.stargardt.fr\/test\/wp-json\/wp\/v2\/pages\/301"}],"wp:attachment":[{"href":"http:\/\/www.stargardt.fr\/test\/wp-json\/wp\/v2\/media?parent=350"}],"curies":[{"name":"wp","href":"https:\/\/api.w.org\/{rel}","templated":true}]}}