{"id":376,"date":"2014-03-27T17:39:44","date_gmt":"2014-03-27T16:39:44","guid":{"rendered":"http:\/\/s519078666.onlinehome.fr\/?page_id=376"},"modified":"2014-04-16T09:37:32","modified_gmt":"2014-04-16T08:37:32","slug":"la-retine-artificielle","status":"publish","type":"page","link":"http:\/\/www.stargardt.fr\/test\/recherche-et-etudes-en-cours\/la-retine-artificielle\/","title":{"rendered":"R\u00e9tine artificielle"},"content":{"rendered":"<style type=\"text\/css\"><!--\np { margin-bottom: 0.21cm; }\n--><\/style>\n<h2>Une proth\u00e8se de la r\u00e9tine\u00a0: une voie annexe<\/h2>\n<p><strong>La r\u00e9tine artificielle est une proth\u00e8se dont le but est de palier la perte et le dysfonctionnement de photor\u00e9cepteurs.<\/strong><\/p>\n<p>Le principe de la r\u00e9tine artificielle est de g\u00e9n\u00e9rer une activit\u00e9 \u00e9lectrique au niveau de photor\u00e9cepteurs encore fonctionnels de la r\u00e9tine, ce signal \u00e9tant ensuite transmis au cerveau par le nerf optique.<\/p>\n<p>La pose de l\u2019implant au contact de la r\u00e9tine n\u00e9cessite une intervention chirurgicale.<\/p>\n<p>Actuellement, cette technique est r\u00e9serv\u00e9e aux personnes aveugles pour lesquelles les cellules nerveuses de la r\u00e9tine et le nerf optique fonctionnent encore. En 2011, un dispositif a obtenu une autorisation de mise sur le march\u00e9<\/p>\n<p>Les r\u00e9sultats sont encourageants mais demandent une am\u00e9lioration des performances\u00a0: restitution de l\u2019image (nombre de pixels\/images \u00e9mises), du co\u00fbt financier, stimulations \u00e9lectrodes\/neuronales\u2026<\/p>\n<p>La r\u00e9tine artificielle ne concerne pas a priori les patients atteints de la maladie de Stargardt.<\/p>\n<div style=\"padding-bottom:20px; padding-top:10px;\" class=\"hupso-share-buttons\"><!-- Hupso Share Buttons - https:\/\/www.hupso.com\/share\/ --><a class=\"hupso_toolbar\" href=\"https:\/\/www.hupso.com\/share\/\"><img src=\"http:\/\/static.hupso.com\/share\/buttons\/lang\/fr\/share.png\" rel=\"PrettyPhoto[376]\" style=\"border:0px; padding-top: 5px; float:left;\" alt=\"Share Button\"\/><\/a><script type=\"text\/javascript\">var hupso_services_t=new Array(\"Twitter\",\"Facebook\",\"Google Plus\");var hupso_background_t=\"#EAF4FF\";var hupso_border_t=\"#66CCFF\";var hupso_toolbar_size_t=\"big\";var hupso_image_folder_url = \"\";var hupso_url_t=\"\";var hupso_title_t=\"R%C3%A9tine%20artificielle\";<\/script><script type=\"text\/javascript\" src=\"http:\/\/static.hupso.com\/share\/js\/share_toolbar.js\"><\/script><!-- Hupso Share Buttons --><\/div>","protected":false},"excerpt":{"rendered":"<p>Une proth\u00e8se de la r\u00e9tine\u00a0: une voie annexe La r\u00e9tine artificielle est une proth\u00e8se dont le but est de palier la perte et le dysfonctionnement de photor\u00e9cepteurs. Le principe de la r\u00e9tine artificielle est de g\u00e9n\u00e9rer une activit\u00e9 \u00e9lectrique au niveau de photor\u00e9cepteurs encore fonctionnels de la r\u00e9tine, ce signal \u00e9tant ensuite transmis au cerveau&#8230;<\/p>\n<div style=\"padding-bottom:20px; padding-top:10px;\" class=\"hupso-share-buttons\"><!-- Hupso Share Buttons - https:\/\/www.hupso.com\/share\/ --><a class=\"hupso_toolbar\" href=\"https:\/\/www.hupso.com\/share\/\"><img src=\"http:\/\/static.hupso.com\/share\/buttons\/lang\/fr\/share.png\" style=\"border:0px; padding-top: 5px; float:left;\" alt=\"Share Button\"\/><\/a><script type=\"text\/javascript\">var hupso_services_t=new Array(\"Twitter\",\"Facebook\",\"Google Plus\");var hupso_background_t=\"#EAF4FF\";var hupso_border_t=\"#66CCFF\";var hupso_toolbar_size_t=\"big\";var hupso_image_folder_url = \"\";var hupso_url_t=\"\";var hupso_title_t=\"R%C3%A9tine%20artificielle\";<\/script><script type=\"text\/javascript\" src=\"http:\/\/static.hupso.com\/share\/js\/share_toolbar.js\"><\/script><!-- Hupso Share Buttons --><\/div>","protected":false},"author":2,"featured_media":0,"parent":305,"menu_order":0,"comment_status":"closed","ping_status":"closed","template":"","meta":[],"yoast_head":"<!-- This site is optimized with the Yoast SEO plugin v19.4 - https:\/\/yoast.com\/wordpress\/plugins\/seo\/ -->\n<title>R\u00e9tine artificielle - Nouveau site test<\/title>\n<meta name=\"description\" content=\"La r\u00e9tine artificielle est une proth\u00e8se dont le but est de palier la perte et le dysfonctionnement de photor\u00e9cepteurs.\" \/>\n<meta name=\"robots\" content=\"index, follow, max-snippet:-1, max-image-preview:large, max-video-preview:-1\" \/>\n<link rel=\"canonical\" href=\"http:\/\/www.stargardt.fr\/test\/recherche-et-etudes-en-cours\/la-retine-artificielle\/\" \/>\n<meta property=\"og:locale\" content=\"fr_FR\" \/>\n<meta property=\"og:type\" content=\"article\" \/>\n<meta property=\"og:title\" content=\"R\u00e9tine artificielle - Nouveau site test\" \/>\n<meta property=\"og:description\" content=\"La r\u00e9tine artificielle est une proth\u00e8se dont le but est de palier la perte et le dysfonctionnement de photor\u00e9cepteurs.\" \/>\n<meta property=\"og:url\" content=\"http:\/\/www.stargardt.fr\/test\/recherche-et-etudes-en-cours\/la-retine-artificielle\/\" \/>\n<meta property=\"og:site_name\" content=\"Nouveau site test\" \/>\n<meta property=\"article:modified_time\" content=\"2014-04-16T08:37:32+00:00\" \/>\n<meta name=\"twitter:label1\" content=\"Dur\u00e9e de lecture estim\u00e9e\" \/>\n\t<meta name=\"twitter:data1\" content=\"1 minute\" \/>\n<script type=\"application\/ld+json\" class=\"yoast-schema-graph\">{\"@context\":\"https:\/\/schema.org\",\"@graph\":[{\"@type\":\"WebSite\",\"@id\":\"http:\/\/www.stargardt.fr\/test\/#website\",\"url\":\"http:\/\/www.stargardt.fr\/test\/\",\"name\":\"Nouveau site test\",\"description\":\"Agir pour la recherche sur la maladie de Stargardt\",\"potentialAction\":[{\"@type\":\"SearchAction\",\"target\":{\"@type\":\"EntryPoint\",\"urlTemplate\":\"http:\/\/www.stargardt.fr\/test\/?s={search_term_string}\"},\"query-input\":\"required name=search_term_string\"}],\"inLanguage\":\"fr-FR\"},{\"@type\":\"WebPage\",\"@id\":\"http:\/\/www.stargardt.fr\/test\/recherche-et-etudes-en-cours\/la-retine-artificielle\/\",\"url\":\"http:\/\/www.stargardt.fr\/test\/recherche-et-etudes-en-cours\/la-retine-artificielle\/\",\"name\":\"R\u00e9tine artificielle - Nouveau site test\",\"isPartOf\":{\"@id\":\"http:\/\/www.stargardt.fr\/test\/#website\"},\"datePublished\":\"2014-03-27T16:39:44+00:00\",\"dateModified\":\"2014-04-16T08:37:32+00:00\",\"description\":\"La r\u00e9tine artificielle est une proth\u00e8se dont le but est de palier la perte et le dysfonctionnement de photor\u00e9cepteurs.\",\"breadcrumb\":{\"@id\":\"http:\/\/www.stargardt.fr\/test\/recherche-et-etudes-en-cours\/la-retine-artificielle\/#breadcrumb\"},\"inLanguage\":\"fr-FR\",\"potentialAction\":[{\"@type\":\"ReadAction\",\"target\":[\"http:\/\/www.stargardt.fr\/test\/recherche-et-etudes-en-cours\/la-retine-artificielle\/\"]}]},{\"@type\":\"BreadcrumbList\",\"@id\":\"http:\/\/www.stargardt.fr\/test\/recherche-et-etudes-en-cours\/la-retine-artificielle\/#breadcrumb\",\"itemListElement\":[{\"@type\":\"ListItem\",\"position\":1,\"name\":\"Accueil\",\"item\":\"http:\/\/www.stargardt.fr\/test\/\"},{\"@type\":\"ListItem\",\"position\":2,\"name\":\"Recherche et \u00e9tudes en cours\",\"item\":\"https:\/\/www.stargardt.fr\/test\/recherche-et-etudes-en-cours\/\"},{\"@type\":\"ListItem\",\"position\":3,\"name\":\"R\u00e9tine artificielle\"}]}]}<\/script>\n<!-- \/ Yoast SEO plugin. -->","yoast_head_json":{"title":"R\u00e9tine artificielle - Nouveau site test","description":"La r\u00e9tine artificielle est une proth\u00e8se dont le but est de palier la perte et le dysfonctionnement de photor\u00e9cepteurs.","robots":{"index":"index","follow":"follow","max-snippet":"max-snippet:-1","max-image-preview":"max-image-preview:large","max-video-preview":"max-video-preview:-1"},"canonical":"http:\/\/www.stargardt.fr\/test\/recherche-et-etudes-en-cours\/la-retine-artificielle\/","og_locale":"fr_FR","og_type":"article","og_title":"R\u00e9tine artificielle - Nouveau site test","og_description":"La r\u00e9tine artificielle est une proth\u00e8se dont le but est de palier la perte et le dysfonctionnement de photor\u00e9cepteurs.","og_url":"http:\/\/www.stargardt.fr\/test\/recherche-et-etudes-en-cours\/la-retine-artificielle\/","og_site_name":"Nouveau site test","article_modified_time":"2014-04-16T08:37:32+00:00","twitter_misc":{"Dur\u00e9e de lecture estim\u00e9e":"1 minute"},"schema":{"@context":"https:\/\/schema.org","@graph":[{"@type":"WebSite","@id":"http:\/\/www.stargardt.fr\/test\/#website","url":"http:\/\/www.stargardt.fr\/test\/","name":"Nouveau site test","description":"Agir pour la recherche sur la maladie de Stargardt","potentialAction":[{"@type":"SearchAction","target":{"@type":"EntryPoint","urlTemplate":"http:\/\/www.stargardt.fr\/test\/?s={search_term_string}"},"query-input":"required name=search_term_string"}],"inLanguage":"fr-FR"},{"@type":"WebPage","@id":"http:\/\/www.stargardt.fr\/test\/recherche-et-etudes-en-cours\/la-retine-artificielle\/","url":"http:\/\/www.stargardt.fr\/test\/recherche-et-etudes-en-cours\/la-retine-artificielle\/","name":"R\u00e9tine artificielle - Nouveau site test","isPartOf":{"@id":"http:\/\/www.stargardt.fr\/test\/#website"},"datePublished":"2014-03-27T16:39:44+00:00","dateModified":"2014-04-16T08:37:32+00:00","description":"La r\u00e9tine artificielle est une proth\u00e8se dont le but est de palier la perte et le dysfonctionnement de photor\u00e9cepteurs.","breadcrumb":{"@id":"http:\/\/www.stargardt.fr\/test\/recherche-et-etudes-en-cours\/la-retine-artificielle\/#breadcrumb"},"inLanguage":"fr-FR","potentialAction":[{"@type":"ReadAction","target":["http:\/\/www.stargardt.fr\/test\/recherche-et-etudes-en-cours\/la-retine-artificielle\/"]}]},{"@type":"BreadcrumbList","@id":"http:\/\/www.stargardt.fr\/test\/recherche-et-etudes-en-cours\/la-retine-artificielle\/#breadcrumb","itemListElement":[{"@type":"ListItem","position":1,"name":"Accueil","item":"http:\/\/www.stargardt.fr\/test\/"},{"@type":"ListItem","position":2,"name":"Recherche et \u00e9tudes en cours","item":"https:\/\/www.stargardt.fr\/test\/recherche-et-etudes-en-cours\/"},{"@type":"ListItem","position":3,"name":"R\u00e9tine artificielle"}]}]}},"_links":{"self":[{"href":"http:\/\/www.stargardt.fr\/test\/wp-json\/wp\/v2\/pages\/376"}],"collection":[{"href":"http:\/\/www.stargardt.fr\/test\/wp-json\/wp\/v2\/pages"}],"about":[{"href":"http:\/\/www.stargardt.fr\/test\/wp-json\/wp\/v2\/types\/page"}],"author":[{"embeddable":true,"href":"http:\/\/www.stargardt.fr\/test\/wp-json\/wp\/v2\/users\/2"}],"replies":[{"embeddable":true,"href":"http:\/\/www.stargardt.fr\/test\/wp-json\/wp\/v2\/comments?post=376"}],"version-history":[{"count":4,"href":"http:\/\/www.stargardt.fr\/test\/wp-json\/wp\/v2\/pages\/376\/revisions"}],"predecessor-version":[{"id":721,"href":"http:\/\/www.stargardt.fr\/test\/wp-json\/wp\/v2\/pages\/376\/revisions\/721"}],"up":[{"embeddable":true,"href":"http:\/\/www.stargardt.fr\/test\/wp-json\/wp\/v2\/pages\/305"}],"wp:attachment":[{"href":"http:\/\/www.stargardt.fr\/test\/wp-json\/wp\/v2\/media?parent=376"}],"curies":[{"name":"wp","href":"https:\/\/api.w.org\/{rel}","templated":true}]}}