{"id":586,"date":"2014-04-01T17:26:02","date_gmt":"2014-04-01T16:26:02","guid":{"rendered":"http:\/\/s519078666.onlinehome.fr\/?page_id=586"},"modified":"2014-09-03T15:33:35","modified_gmt":"2014-09-03T14:33:35","slug":"glossaire-stargardt","status":"publish","type":"page","link":"http:\/\/www.stargardt.fr\/test\/glossaire-stargardt\/","title":{"rendered":"Glossaire sur la maladie de Stargardt"},"content":{"rendered":"<div class=\"container\"> <div class=\"three-fourth \">\n<h3>Ce glossaire sur la maladie de Stargardt vous donne acc\u00e8s \u00e0 quelques d\u00e9finitions de\u00a0termes employ\u00e9s sur notre site.<\/h3>\n<h2>A<\/h2>\n<p><strong>Autosome\u00a0:<\/strong> Chromosome dont les informations g\u00e9n\u00e9tiques n&rsquo;interviennent pas dans la d\u00e9termination du sexe.<\/p>\n<p><strong>Autosomique\u00a0:<\/strong> Se dit d\u2019un caract\u00e8re transmis par un g\u00e8ne port\u00e9 par un chromosome non li\u00e9 \u00e0 la d\u00e9termination du sexe (autosome)<\/p>\n<p><strong>Acuit\u00e9 visuelle\u00a0:<\/strong> D\u00e9finit la capacit\u00e9 et la qualit\u00e9 de la vision. Sa mesure d\u00e9termine la capacit\u00e9 de l\u2019\u0153il \u00e0 distinguer des points distincts en fonction de la distance qui les s\u00e9pare et de la distance de l\u2019\u0153il de la personne qui porte son regard sur ces points. Elle est \u00e9valu\u00e9e en dixi\u00e8mes ou en dioptries.<\/p>\n<p><strong>Angiographie \u00e0 fluoresc\u00e9ine\u00a0:<\/strong> Examen qui consiste \u00e0 prendre des photographies du fond de l\u2019\u0153il apr\u00e8s avoir inject\u00e9 dans la veine un produit fluorescent (fluoresc\u00e9ine).\u00a0L\u2019angiographie permet de visualiser les vaisseaux de l\u2019\u0153il et notamment de la r\u00e9tine. Il permet d\u2019\u00e9tablir le diagnostic de certaines maladies de l&rsquo;\u0153il e de guider certains traitements. Cet examen est r\u00e9alis\u00e9 en externe (pas d&rsquo;hospitalisation) mais n\u00e9cessite de dilater les pupilles. Autre examen de m\u00eame type\u00a0: l\u2019autofluorescence du fond de l\u2019\u0153il.<\/p>\n<h2>B<\/h2>\n<p><strong>B\u00e2tonnet\u00a0:<\/strong> Cellules sensibles \u00e0 la lumi\u00e8re situ\u00e9es dans la zone p\u00e9riph\u00e9riques de la r\u00e9tine. Elles repr\u00e9sentent 95 \u00e0 97 % des photor\u00e9cepteurs qui constituent la r\u00e9tine. Elles sont impliqu\u00e9es dans la vision nocturne (faible luminosit\u00e9), permettent une vision en noir et blanc, assurent la d\u00e9tection des mouvements.<\/p>\n<h2>C<\/h2>\n<p><strong>C\u00f4nes\u00a0:<\/strong> Cellules sensibles \u00e0 la lumi\u00e8re situ\u00e9es essentiellement au niveau de la macula. Elles repr\u00e9sentent 3 \u00e0 5 % des photor\u00e9cepteurs qui constituent la r\u00e9tine. Elles sont impliqu\u00e9es dans la vision diurne (jour), permettent la vision en couleurs et la perception des d\u00e9tails et de la finesse des points sur lesquels se porte le regard.<\/p>\n<h2>D<\/h2>\n<p><strong>Dystrophies r\u00e9tiniennes\u00a0:<\/strong> Ensemble de maladies h\u00e9r\u00e9ditaires de la r\u00e9tine qui touchent les cellules impliqu\u00e9es dans la vision c\u2019est-\u00e0-dire les photor\u00e9cepteurs, c\u00f4nes et b\u00e2tonnets. Elles sont responsables d\u2019une baisse de l\u2019acuit\u00e9 visuelle et causes de malvoyance s\u00e9v\u00e8re. Elles regroupent un ensemble vari\u00e9es de maladies sur le plan clinique, g\u00e9n\u00e9tique, physiopathologique. La r\u00e9tinite pigmentaire fait partie des dystrophies r\u00e9tiniennes.<\/p>\n<p><strong>Dystrophies maculaires h\u00e9r\u00e9ditaires\u00a0:<\/strong> Ensemble de pathologies de l\u2019\u0153il caract\u00e9ris\u00e9es par une atteinte de la r\u00e9gion centrales de la r\u00e9tine, la macula. Elles sont responsables d\u2019une baisse de l\u2019acuit\u00e9 visuelle et causes de malvoyance s\u00e9v\u00e8re. Elles regroupent un ensemble vari\u00e9es de maladies sur le plan clinique, g\u00e9n\u00e9tique, physiopathologique. La maladie de Stargardt li\u00e9e au g\u00e8ne ABCA4 fait partie des dystrophies maculaires h\u00e9r\u00e9ditaires. La D\u00e9g\u00e9n\u00e9rescence Maculaire li\u00e9e \u00e0 l\u2019Age (DMLA) est la plus fr\u00e9quente.<\/p>\n<h2>E<\/h2>\n<p><strong>Electro-oculogramme\u00a0:<\/strong> Examen qui mesure l\u2019activit\u00e9 \u00e9lectrique de la r\u00e9tine au repos c\u2019est-\u00e0-dire sans stimulation visuelle.<\/p>\n<p><strong>Electror\u00e9tinogramme\u00a0:<\/strong> Trac\u00e9 obtenu par \u00e9lectror\u00e9tinographie. Il s\u2019agit d\u2019analyser la r\u00e9ponse \u00e9lectrique de la r\u00e9tine \u00e0 une stimulation lumineuse. Elle permet de v\u00e9rifier gr\u00e2ce \u00e0 des variations d\u2019intensit\u00e9 et de couleurs de lumi\u00e8res, l&rsquo;activit\u00e9 des c\u00f4nes, de celle des b\u00e2tonnets. L\u2019examen est r\u00e9alis\u00e9 au moyen d\u2019\u00e9lectrodes pos\u00e9es sur la corn\u00e9e et la peau.<\/p>\n<p><strong>Epith\u00e9lium Pigmentaire\u00a0R\u00e9tinien ou EPR\u00a0:<\/strong> Couche cellulaire situ\u00e9e entre les photor\u00e9cepteurs et la choro\u00efde (partie comportant les vaisseaux de l\u2019\u0153il). Son r\u00f4le est de nourrir les photor\u00e9cepteurs.<\/p>\n<p><strong>Essai clinique ou \u00e9tude clinique\u00a0:<\/strong> toute recherche dans laquelle les participants ou les groupes de participants sont affect\u00e9s, d\u00e8s le d\u00e9part, \u00e0 une ou des interventions d\u2019ordre sanitaire (soin) afin d\u2019\u00e9valuer les effets de ces derni\u00e8res sur la sant\u00e9. Les essais cliniques portent, entre autres, sur les m\u00e9dicaments, les cellules et autres produits biologiques, les actes chirurgicaux, les soins pr\u00e9ventifs, etc. (OMS) Ces \u00e9tudes sont souvent effectu\u00e9es apr\u00e8s des \u00e9tudes de d\u00e9veloppement pr\u00e9-cliniques (ex.\u00a0: \u00e9tude de mol\u00e9cules, structure, effets sur les cellules, sur l\u2019animal\u2026) avec une phase exp\u00e9rimentale effectu\u00e9e sur des mod\u00e8les animaux ou cellulaires pour confirmer l\u2019int\u00e9r\u00eat et la s\u00e9curit\u00e9 du sujet de l\u2019\u00e9tude. Les essais cliniques comprennent 4 phases\u00a0:<\/p>\n<ul>\n<li>Phase I ou phase d\u2019\u00e9tude de la tol\u00e9rance, cin\u00e9tique et m\u00e9tabolisme de la substance \u00e9tudi\u00e9e<\/li>\n<li>Phase II ou phase \u00a0 d\u2019\u00e9tude de la dose optimale de la substance \u00e9tudi\u00e9e et de ses \u00e9ventuels effets secondaires<\/li>\n<li>Phase III ou phase d\u2019\u00e9tude comparative d\u2019efficacit\u00e9. Apr\u00e8s cette phase, les r\u00e9sultats peuvent \u00eatre soumis aux Autorit\u00e9s Europ\u00e9ennes de Sant\u00e9 (EMEA) pour l\u2019obtention de l&rsquo;Autorisation de Mise sur le March\u00e9 (AMM).<\/li>\n<li>Phase IV ou phase de suivi \u00e0 long terme apr\u00e8s commercialisation.<\/li>\n<\/ul>\n<p>Les essais cliniques n\u00e9cessitent l&rsquo;accord des autorit\u00e9s de sant\u00e9 ou d&rsquo;\u00e9thique du pays o\u00f9 ils ont lieu.<\/p>\n<p><strong>Examen du fond d\u2019\u0153il\u00a0:<\/strong> Examen indolore de la r\u00e9tine permettant de diagnostiquer les anomalies graves de celle-ci. L\u2019examen est pratiqu\u00e9 par l\u2019ophtalmologiste apr\u00e8s dilatation de la pupille par une substance adapt\u00e9e.<\/p>\n<h2>F<\/h2>\n<p><strong>Fov\u00e9a\u00a0:<\/strong> Petite d\u00e9pression situ\u00e9e au centre de la macula compos\u00e9e uniquement de c\u00f4nes (cellules qui d\u00e9tectent la lumi\u00e8re). Elle constitue la zone d\u2019acuit\u00e9 visuelle (capacit\u00e9 et qualit\u00e9 de la vision). Autour de la fov\u00e9a, les b\u00e2tonnets pr\u00e9dominent.<\/p>\n<h2>G<\/h2>\n<p><strong>G\u00e8ne\u00a0:<\/strong> Unit\u00e9 fonctionnelle et physique de l\u2019h\u00e9r\u00e9dit\u00e9 exprimant un caract\u00e8re particulier transmis par les parents \u00e0 leur descendance. Ce segment d\u2019ADN, porteur d\u2019une information g\u00e9n\u00e9tique, est situ\u00e9 sur une r\u00e9gion pr\u00e9cise (all\u00e8le) d\u2019un chromosome<\/p>\n<h2>H<\/h2>\n<p><strong>Homozygote\u00a0:\u00a0<\/strong>Une personne est dite homozygote pour un g\u00e8ne si elle porte des exemplaires ( all\u00e8les) identiques du g\u00e8ne consid\u00e9r\u00e9 \u00a0sur chaque chromosome faisant partie de la m\u00eame paire (2 g\u00e8nes normaux ou 2 g\u00e8nes mut\u00e9s).<\/p>\n<p><strong>H\u00e9t\u00e9rozygote\u00a0:<\/strong> Une personne est dite h\u00e9t\u00e9rozygote si elle porte soit deux exemplaires du g\u00e8ne avec des mutations diff\u00e9rentes, soit un exemplaire du g\u00e8ne alt\u00e9r\u00e9e et un exemplaire du g\u00e8ne normal.<\/p>\n<h2>L<\/h2>\n<p><strong>Lipofuscine\u00a0:<\/strong> Pigment cellulaire de nature graisseux issue de la d\u00e9gradation d\u2019organites cellulaires qui, par accumulation, alt\u00e8re le fonctionnement de certaines cellules (ex\u00a0: alt\u00e9ration des cellules de la r\u00e9tine).<\/p>\n<h2>M<\/h2>\n<p><strong>Macula\u00a0:<\/strong> Partie situ\u00e9e au fond de l\u2019\u0153il, au centre de la r\u00e9tine. Il s\u2019agit de la zone o\u00f9 les rayons de lumi\u00e8re se focalisent. La macula intervient dans la vision centrale des \u00e9l\u00e9ments situ\u00e9s dans l\u2019axe du regard, dans la vision de d\u00e9tails (\u00e9criture, lecture, d\u00e9tails des visages\u2026), et dans la capacit\u00e9 \u00e0 d\u00e9terminer les couleurs.<\/p>\n<p><strong>Maladie autosomique r\u00e9cessive :<\/strong> Caract\u00e8re g\u00e9n\u00e9tique exprim\u00e9 chez un individu ayant re\u00e7u le g\u00e8ne alt\u00e9r\u00e9 (mut\u00e9) par transmission \u00e0 la fois de son p\u00e8re et de sa m\u00e8re<\/p>\n<p><strong>Maladie autosomique dominante\u00a0:<\/strong> Caract\u00e8re g\u00e9n\u00e9tique exprim\u00e9 chez un individu lorsque le g\u00e8ne alt\u00e9r\u00e9 (mut\u00e9) transmis est pr\u00e9sent sur un seul des deux chromosomes homologues (paire de chromosomes identiques). Seule la transmission du caract\u00e8re par le p\u00e8re ou la m\u00e8re suffit pour qu\u2019il se manifeste.<\/p>\n<p><strong>Maladie orpheline :<\/strong> Maladie ne b\u00e9n\u00e9ficiant pas de traitement. Les maladies orphelines sont des maladies rares. Elles touchent un nombre restreint de personne. Cette raret\u00e9 pose des probl\u00e8mes concernant leurs prises en charge m\u00e9dicales et sociales, le d\u00e9veloppement de la recherche m\u00e9dicale et scientifique\u2026. Le seuil admis en Europe pour d\u00e9finir une maladie comme maladie rare est d&rsquo;une personne atteinte sur 2\u00a0000. Site \u00e0 consulter www.orpha.net<\/p>\n<p><strong>Maladie de Stargardt\u00a0:<\/strong> Maladie g\u00e9n\u00e9tique du fond de l\u2019\u0153il qui est caract\u00e9ris\u00e9e par une atteinte de la macula, zone centrale de la r\u00e9tine impliqu\u00e9e dans la vision de pr\u00e9cision et de d\u00e9tails et dans la perception des couleurs. Elle est li\u00e9e \u00e0 une anomalie (mutation) du g\u00e8ne ABCA4.<\/p>\n<h2>N<\/h2>\n<p><strong>Nerf optique\u00a0:<\/strong> Ensemble des axones des nerfs qui transmettent l\u2019information de l\u2019\u0153il au cerveau.<\/p>\n<h2>P<\/h2>\n<p><strong>Pharmacologie\u00a0:<\/strong> Science reposant sur la mise au point de mol\u00e9cules qui interviennent sur les m\u00e9canismes mol\u00e9culaires directs ou indirects de processus biologique. Il s\u2019agit de m\u00e9thode intervenant dans la mise au point de traitement.<\/p>\n<p><strong>Photor\u00e9cepteur\u00a0:<\/strong> Appel\u00e9 aussi cellule photor\u00e9ceptrice ou neurone photor\u00e9cepteur. Les photor\u00e9cepteurs sont des cellules r\u00e9ceptives \u00e0 la lumi\u00e8re qui convertissent le signal lumineux en signal \u00e9lectrique. Il existe 2 formes de photor\u00e9cepteurs\u00a0: les c\u00f4nes et les b\u00e2tonnets.<\/p>\n<p><strong>Pr\u00e9valence\u00a0:<\/strong> Nombre de personnes atteintes \u00e0 un moment donn\u00e9 dans une population donn\u00e9e<\/p>\n<h2>R<\/h2>\n<p><strong>R\u00e9tine\u00a0:<\/strong> Partie qui tapisse le fond interne de l\u2019\u0153il, compos\u00e9e de plusieurs couches cellulaires (photor\u00e9cepteurs (c\u00f4nes, b\u00e2tonnets), cellules bipolaires, cellules ganglionnaires). Ces cellules interviennent dans la transformation et la transmission du message lumineux en message \u00e9lectrique \u00e0 la formation de l\u2019image. La r\u00e9tine est le si\u00e8ge de la vision.<\/p>\n<p><strong>R\u00e9tinite pigmentaire\u00a0:<\/strong> dystrophie h\u00e9r\u00e9ditaire de la r\u00e9tine due \u00e0 une alt\u00e9ration des photor\u00e9cepteurs, b\u00e2tonnets et c\u00f4nes. Elle est caract\u00e9ris\u00e9e par des d\u00e9p\u00f4ts pigmentaires visibles au fond d&rsquo;\u0153il. Ce trouble de la vision \u00e9volue vers la c\u00e9cit\u00e9. La recherche progresse avec la th\u00e9rapie g\u00e9nique et cellulaire, la pharmacologie et la r\u00e9tine artificielle.<\/p>\n<h2>T<\/h2>\n<p><strong>Th\u00e9rapie cellulaire\u00a0:<\/strong> th\u00e9rapie reposant sur le remplacement de cellules d\u00e9fectueuses responsables de maladies par des cellules saines inject\u00e9es, permettant ainsi de restaurer les fonctions cellulaires alt\u00e9r\u00e9es. Il s\u2019agit d\u2019une greffe ou transplantation de cellules.<\/p>\n<p><strong>Th\u00e9rapie g\u00e9nique\u00a0:<\/strong> th\u00e9rapie reposant sur l\u2019introduction chez une personne porteuse d\u2019une mutation g\u00e9n\u00e9tique, de la copie normale du g\u00e8ne ou des g\u00e8nes alt\u00e9r\u00e9(s) responsable(s) de ce trouble afin de remplacer le(s) g\u00e8ne(s) d\u00e9ficient(s).<\/p>\n<p>&nbsp;<\/p>\n<\/div>\n<div class=\"one-fourth last \">\n<h3>Vous pouvez nous contacter \u00e0 l\u2019adresse suivante :<\/h3>\n<h4><strong>Fondation Stargardt<\/strong><br \/>\n9 rue Pastourelle<br \/>\n75003 Paris, France<br \/>\nT\u00e9l. : +33 (0)9 53 73 68 15<\/h4>\n<a style=\"background-color: #009dc7; color: #ffffff;\"  class=\"sd-button large  \" href=\"\/faites-un-don\/\" > FAITES UN DON<\/a>\n<\/div><div class=\"clearfix\"><\/div>\n<p><\/div>\n<div style=\"padding-bottom:20px; padding-top:10px;\" class=\"hupso-share-buttons\"><!-- Hupso Share Buttons - https:\/\/www.hupso.com\/share\/ --><a class=\"hupso_toolbar\" href=\"https:\/\/www.hupso.com\/share\/\"><img src=\"http:\/\/static.hupso.com\/share\/buttons\/lang\/fr\/share.png\" rel=\"PrettyPhoto[586]\" style=\"border:0px; padding-top: 5px; float:left;\" alt=\"Share Button\"\/><\/a><script type=\"text\/javascript\">var hupso_services_t=new Array(\"Twitter\",\"Facebook\",\"Google Plus\");var hupso_background_t=\"#EAF4FF\";var hupso_border_t=\"#66CCFF\";var hupso_toolbar_size_t=\"big\";var hupso_image_folder_url = \"\";var hupso_url_t=\"\";var hupso_title_t=\"Glossaire%20sur%20la%20maladie%20de%20Stargardt\";<\/script><script type=\"text\/javascript\" src=\"http:\/\/static.hupso.com\/share\/js\/share_toolbar.js\"><\/script><!-- Hupso Share Buttons --><\/div>","protected":false},"excerpt":{"rendered":"<div style=\"padding-bottom:20px; padding-top:10px;\" class=\"hupso-share-buttons\"><!-- Hupso Share Buttons - https:\/\/www.hupso.com\/share\/ --><a class=\"hupso_toolbar\" href=\"https:\/\/www.hupso.com\/share\/\"><img src=\"http:\/\/static.hupso.com\/share\/buttons\/lang\/fr\/share.png\" style=\"border:0px; padding-top: 5px; float:left;\" alt=\"Share Button\"\/><\/a><script type=\"text\/javascript\">var hupso_services_t=new Array(\"Twitter\",\"Facebook\",\"Google Plus\");var hupso_background_t=\"#EAF4FF\";var hupso_border_t=\"#66CCFF\";var hupso_toolbar_size_t=\"big\";var hupso_image_folder_url = \"\";var hupso_url_t=\"\";var hupso_title_t=\"Glossaire%20sur%20la%20maladie%20de%20Stargardt\";<\/script><script type=\"text\/javascript\" src=\"http:\/\/static.hupso.com\/share\/js\/share_toolbar.js\"><\/script><!-- Hupso Share Buttons --><\/div>","protected":false},"author":2,"featured_media":0,"parent":0,"menu_order":0,"comment_status":"closed","ping_status":"closed","template":"full-width-page.php","meta":[],"yoast_head":"<!-- This site is optimized with the Yoast SEO plugin v19.4 - https:\/\/yoast.com\/wordpress\/plugins\/seo\/ -->\n<title>Glossaire sur la maladie de Stargardt - Nouveau site test<\/title>\n<meta name=\"description\" content=\"Ce glossaire sur la maladie de Stargardt vous donne acc\u00e8s \u00e0 quelques d\u00e9finitions de termes employ\u00e9s sur notre site.\" \/>\n<meta name=\"robots\" content=\"index, follow, max-snippet:-1, max-image-preview:large, max-video-preview:-1\" \/>\n<link rel=\"canonical\" href=\"https:\/\/www.stargardt.fr\/test\/glossaire-stargardt\/\" \/>\n<meta property=\"og:locale\" content=\"fr_FR\" \/>\n<meta property=\"og:type\" content=\"article\" \/>\n<meta property=\"og:title\" content=\"Glossaire sur la maladie de Stargardt - Nouveau site test\" \/>\n<meta property=\"og:description\" content=\"Ce glossaire sur la maladie de Stargardt vous donne acc\u00e8s \u00e0 quelques d\u00e9finitions de termes employ\u00e9s sur notre site.\" \/>\n<meta property=\"og:url\" content=\"https:\/\/www.stargardt.fr\/test\/glossaire-stargardt\/\" \/>\n<meta property=\"og:site_name\" content=\"Nouveau site test\" \/>\n<meta property=\"article:modified_time\" content=\"2014-09-03T14:33:35+00:00\" \/>\n<meta name=\"twitter:label1\" content=\"Dur\u00e9e de lecture estim\u00e9e\" \/>\n\t<meta name=\"twitter:data1\" content=\"9 minutes\" \/>\n<script type=\"application\/ld+json\" class=\"yoast-schema-graph\">{\"@context\":\"https:\/\/schema.org\",\"@graph\":[{\"@type\":\"WebSite\",\"@id\":\"http:\/\/www.stargardt.fr\/test\/#website\",\"url\":\"http:\/\/www.stargardt.fr\/test\/\",\"name\":\"Nouveau site test\",\"description\":\"Agir pour la recherche sur la maladie de Stargardt\",\"potentialAction\":[{\"@type\":\"SearchAction\",\"target\":{\"@type\":\"EntryPoint\",\"urlTemplate\":\"http:\/\/www.stargardt.fr\/test\/?s={search_term_string}\"},\"query-input\":\"required name=search_term_string\"}],\"inLanguage\":\"fr-FR\"},{\"@type\":\"WebPage\",\"@id\":\"https:\/\/www.stargardt.fr\/test\/glossaire-stargardt\/\",\"url\":\"https:\/\/www.stargardt.fr\/test\/glossaire-stargardt\/\",\"name\":\"Glossaire sur la maladie de Stargardt - Nouveau site test\",\"isPartOf\":{\"@id\":\"http:\/\/www.stargardt.fr\/test\/#website\"},\"datePublished\":\"2014-04-01T16:26:02+00:00\",\"dateModified\":\"2014-09-03T14:33:35+00:00\",\"description\":\"Ce glossaire sur la maladie de Stargardt vous donne acc\u00e8s \u00e0 quelques d\u00e9finitions de termes employ\u00e9s sur notre site.\",\"breadcrumb\":{\"@id\":\"https:\/\/www.stargardt.fr\/test\/glossaire-stargardt\/#breadcrumb\"},\"inLanguage\":\"fr-FR\",\"potentialAction\":[{\"@type\":\"ReadAction\",\"target\":[\"https:\/\/www.stargardt.fr\/test\/glossaire-stargardt\/\"]}]},{\"@type\":\"BreadcrumbList\",\"@id\":\"https:\/\/www.stargardt.fr\/test\/glossaire-stargardt\/#breadcrumb\",\"itemListElement\":[{\"@type\":\"ListItem\",\"position\":1,\"name\":\"Accueil\",\"item\":\"http:\/\/www.stargardt.fr\/test\/\"},{\"@type\":\"ListItem\",\"position\":2,\"name\":\"Glossaire sur la maladie de Stargardt\"}]}]}<\/script>\n<!-- \/ Yoast SEO plugin. -->","yoast_head_json":{"title":"Glossaire sur la maladie de Stargardt - Nouveau site test","description":"Ce glossaire sur la maladie de Stargardt vous donne acc\u00e8s \u00e0 quelques d\u00e9finitions de termes employ\u00e9s sur notre site.","robots":{"index":"index","follow":"follow","max-snippet":"max-snippet:-1","max-image-preview":"max-image-preview:large","max-video-preview":"max-video-preview:-1"},"canonical":"https:\/\/www.stargardt.fr\/test\/glossaire-stargardt\/","og_locale":"fr_FR","og_type":"article","og_title":"Glossaire sur la maladie de Stargardt - Nouveau site test","og_description":"Ce glossaire sur la maladie de Stargardt vous donne acc\u00e8s \u00e0 quelques d\u00e9finitions de termes employ\u00e9s sur notre site.","og_url":"https:\/\/www.stargardt.fr\/test\/glossaire-stargardt\/","og_site_name":"Nouveau site test","article_modified_time":"2014-09-03T14:33:35+00:00","twitter_misc":{"Dur\u00e9e de lecture estim\u00e9e":"9 minutes"},"schema":{"@context":"https:\/\/schema.org","@graph":[{"@type":"WebSite","@id":"http:\/\/www.stargardt.fr\/test\/#website","url":"http:\/\/www.stargardt.fr\/test\/","name":"Nouveau site test","description":"Agir pour la recherche sur la maladie de Stargardt","potentialAction":[{"@type":"SearchAction","target":{"@type":"EntryPoint","urlTemplate":"http:\/\/www.stargardt.fr\/test\/?s={search_term_string}"},"query-input":"required name=search_term_string"}],"inLanguage":"fr-FR"},{"@type":"WebPage","@id":"https:\/\/www.stargardt.fr\/test\/glossaire-stargardt\/","url":"https:\/\/www.stargardt.fr\/test\/glossaire-stargardt\/","name":"Glossaire sur la maladie de Stargardt - Nouveau site test","isPartOf":{"@id":"http:\/\/www.stargardt.fr\/test\/#website"},"datePublished":"2014-04-01T16:26:02+00:00","dateModified":"2014-09-03T14:33:35+00:00","description":"Ce glossaire sur la maladie de Stargardt vous donne acc\u00e8s \u00e0 quelques d\u00e9finitions de termes employ\u00e9s sur notre site.","breadcrumb":{"@id":"https:\/\/www.stargardt.fr\/test\/glossaire-stargardt\/#breadcrumb"},"inLanguage":"fr-FR","potentialAction":[{"@type":"ReadAction","target":["https:\/\/www.stargardt.fr\/test\/glossaire-stargardt\/"]}]},{"@type":"BreadcrumbList","@id":"https:\/\/www.stargardt.fr\/test\/glossaire-stargardt\/#breadcrumb","itemListElement":[{"@type":"ListItem","position":1,"name":"Accueil","item":"http:\/\/www.stargardt.fr\/test\/"},{"@type":"ListItem","position":2,"name":"Glossaire sur la maladie de Stargardt"}]}]}},"_links":{"self":[{"href":"http:\/\/www.stargardt.fr\/test\/wp-json\/wp\/v2\/pages\/586"}],"collection":[{"href":"http:\/\/www.stargardt.fr\/test\/wp-json\/wp\/v2\/pages"}],"about":[{"href":"http:\/\/www.stargardt.fr\/test\/wp-json\/wp\/v2\/types\/page"}],"author":[{"embeddable":true,"href":"http:\/\/www.stargardt.fr\/test\/wp-json\/wp\/v2\/users\/2"}],"replies":[{"embeddable":true,"href":"http:\/\/www.stargardt.fr\/test\/wp-json\/wp\/v2\/comments?post=586"}],"version-history":[{"count":8,"href":"http:\/\/www.stargardt.fr\/test\/wp-json\/wp\/v2\/pages\/586\/revisions"}],"predecessor-version":[{"id":842,"href":"http:\/\/www.stargardt.fr\/test\/wp-json\/wp\/v2\/pages\/586\/revisions\/842"}],"wp:attachment":[{"href":"http:\/\/www.stargardt.fr\/test\/wp-json\/wp\/v2\/media?parent=586"}],"curies":[{"name":"wp","href":"https:\/\/api.w.org\/{rel}","templated":true}]}}