{"id":589,"date":"2014-07-01T10:29:19","date_gmt":"2014-07-01T09:29:19","guid":{"rendered":"http:\/\/s519078666.onlinehome.fr\/?page_id=589"},"modified":"2014-09-03T17:56:17","modified_gmt":"2014-09-03T16:56:17","slug":"liens-stargardt","status":"publish","type":"page","link":"http:\/\/www.stargardt.fr\/test\/liens-stargardt\/","title":{"rendered":"Liens utiles sur la maladie de Stargardt"},"content":{"rendered":"<div class=\"container\"> <div class=\"three-fourth \">\n<p><strong>Nous vous proposons une liste de liens\u00a0utiles sur la maladie de Stargardt\u00a0pour\u00a0obtenir plus d\u2019informations pratiques sur la maladie par exemple des sites institutionnels, des sites proposant\u00a0plus de renseignements sur les aides visuelles\u2026.<\/strong><\/p>\n<h2>Associations et fondations sur la malvoyance en France<\/h2>\n<p>Fondation Valentin-Ha\u00fcy, Fondation au service des aveugles et des malvoyants. La Fondation Stargardt est sous \u00e9gide de la Fondation VALENTIN HA\u00dcY <a href=\"http:\/\/www.vh-fondation.fr\/\">http:\/\/www.vh-fondation.fr\/<\/a><\/p>\n<p>Association\u00a0Valentin-Ha\u00fcy, association au service des aveugles et malvoyants de France <a href=\"http:\/\/www.avh.asso.fr\/\">http:\/\/www.avh.asso.fr\/<\/a><\/p>\n<p>Association IRRP, Information Recherche R\u00e9tinite Pigmentaire <a href=\"http:\/\/www.irrp.asso.fr\/\">http:\/\/www.irrp.asso.fr\/<\/a><\/p>\n<p>Institut de la vision <a href=\"http:\/\/www.institut-vision.org\/index.php?lang=fr\">http:\/\/www.institut-vision.org\/index.php?lang=fr<\/a><\/p>\n<p>France choro\u00efd\u00e9r\u00e9mie\u00a0<a href=\"http:\/\/www.france-choroideremie.org\/\">http:\/\/www.france-choroideremie.org\/<\/a><\/p>\n<p>&nbsp;<\/p>\n<h2>Informations sur la maladie de Stargardt<\/h2>\n<p>Orphanet, portail sur des maladies rares et des m\u00e9dicaments orphelins <a href=\"http:\/\/www.orpha.net\/consor\/cgi-bin\/index.php?lng=FR\">http:\/\/www.orpha.net\/consor\/cgi-bin\/index.php?lng=FR<\/a><\/p>\n<p>Orphanews, Newsletter d\u2019Orphanet-France <a href=\"http:\/\/www.orpha.net\/actor\/Orphanews\/2013\/131213.html\">http:\/\/www.orpha.net\/actor\/Orphanews\/2013\/131213.html<\/a><\/p>\n<p>&nbsp;<\/p>\n<h2>Mat\u00e9riel et \u00e9quipements optiques<\/h2>\n<p>Optical Systems <a href=\"http:\/\/www.optical-systems.com\/eschenbach-loupes-a-fond-clair-c-190_6675_6676.html\">http:\/\/www.optical-systems.com\/eschenbach-loupes-a-fond-clair-c-190_6675_6676.html<\/a><\/p>\n<p>Magasin Association Valentin HAUY <a href=\"http:\/\/www.avh.asso.fr\/magasin\/index.php\">http:\/\/www.avh.asso.fr\/magasin\/index.php<\/a>)<\/p>\n<p>&nbsp;<\/p>\n<h2>Information sur la recherche et les essais en cours<\/h2>\n<p>Clinical Trials : liste d&rsquo;essais cliniques internationaux en cours\u00a0<a href=\"http:\/\/www.clinicaltrials.gov\/\">www.clinicaltrials.gov\/<\/a><\/p>\n<p>Pubmed : registre de publications scientifiques\u00a0<a href=\"http:\/\/www.ncbi.nlm.nih.gov\/pubmed\">http:\/\/www.ncbi.nlm.nih.gov\/pubmed<\/a><\/p>\n<p>Inserm, institut des neurosciences de Montpellier <a href=\"http:\/\/www.inmfrance.com\/inm\/\">http:\/\/www.inmfrance.com\/inm\/<\/a><\/p>\n<p>Cnrs\u00a0<a href=\"http:\/\/www.cnrs.fr\/\">http:\/\/www.cnrs.fr\/<\/a><\/p>\n<p>&nbsp;<\/p>\n<h2>Blogs internationaux sur la maladie de Stargardt<\/h2>\n<p><a href=\"http:\/\/www.stargardts.net\/blog\">http:\/\/www.stargardts.net<\/a><\/p>\n<\/div>\n<div class=\"one-fourth last \">\n<h3>Vous pouvez nous contacter \u00e0 l\u2019adresse suivante :<\/h3>\n<h4><strong>Fondation Stargardt<\/strong><br \/>\n9 rue Pastourelle<br \/>\n75003 Paris, France<br \/>\nT\u00e9l. : +33 (0)9 53 73 68 15<\/h4>\n<a style=\"background-color: #009dc7; color: #ffffff;\"  class=\"sd-button large  \" href=\"\/faites-un-don\/\" > FAITES UN DON<\/a>\n<\/div><div class=\"clearfix\"><\/div>\n<p><\/div>\n<div style=\"padding-bottom:20px; padding-top:10px;\" class=\"hupso-share-buttons\"><!-- Hupso Share Buttons - https:\/\/www.hupso.com\/share\/ --><a class=\"hupso_toolbar\" href=\"https:\/\/www.hupso.com\/share\/\"><img src=\"http:\/\/static.hupso.com\/share\/buttons\/lang\/fr\/share.png\" rel=\"PrettyPhoto[589]\" style=\"border:0px; padding-top: 5px; float:left;\" alt=\"Share Button\"\/><\/a><script type=\"text\/javascript\">var hupso_services_t=new Array(\"Twitter\",\"Facebook\",\"Google Plus\");var hupso_background_t=\"#EAF4FF\";var hupso_border_t=\"#66CCFF\";var hupso_toolbar_size_t=\"big\";var hupso_image_folder_url = \"\";var hupso_url_t=\"\";var hupso_title_t=\"Liens%20utiles%20sur%20la%20maladie%20de%20Stargardt\";<\/script><script type=\"text\/javascript\" src=\"http:\/\/static.hupso.com\/share\/js\/share_toolbar.js\"><\/script><!-- Hupso Share Buttons --><\/div>","protected":false},"excerpt":{"rendered":"<div style=\"padding-bottom:20px; padding-top:10px;\" class=\"hupso-share-buttons\"><!-- Hupso Share Buttons - https:\/\/www.hupso.com\/share\/ --><a class=\"hupso_toolbar\" href=\"https:\/\/www.hupso.com\/share\/\"><img src=\"http:\/\/static.hupso.com\/share\/buttons\/lang\/fr\/share.png\" style=\"border:0px; padding-top: 5px; float:left;\" alt=\"Share Button\"\/><\/a><script type=\"text\/javascript\">var hupso_services_t=new Array(\"Twitter\",\"Facebook\",\"Google Plus\");var hupso_background_t=\"#EAF4FF\";var hupso_border_t=\"#66CCFF\";var hupso_toolbar_size_t=\"big\";var hupso_image_folder_url = \"\";var hupso_url_t=\"\";var hupso_title_t=\"Liens%20utiles%20sur%20la%20maladie%20de%20Stargardt\";<\/script><script type=\"text\/javascript\" src=\"http:\/\/static.hupso.com\/share\/js\/share_toolbar.js\"><\/script><!-- Hupso Share Buttons --><\/div>","protected":false},"author":2,"featured_media":0,"parent":0,"menu_order":0,"comment_status":"closed","ping_status":"closed","template":"full-width-page.php","meta":[],"yoast_head":"<!-- This site is optimized with the Yoast SEO plugin v19.4 - https:\/\/yoast.com\/wordpress\/plugins\/seo\/ -->\n<title>Liens utiles sur la maladie de Stargardt - Nouveau site test<\/title>\n<meta name=\"description\" content=\"Nous vous proposons une liste de liens utiles pour obtenir plus d\u2019informations pratiques sur la maladie Stargardt\" \/>\n<meta name=\"robots\" content=\"index, follow, max-snippet:-1, max-image-preview:large, max-video-preview:-1\" \/>\n<link rel=\"canonical\" href=\"http:\/\/www.stargardt.fr\/test\/liens-stargardt\/\" \/>\n<meta property=\"og:locale\" content=\"fr_FR\" \/>\n<meta property=\"og:type\" content=\"article\" \/>\n<meta property=\"og:title\" content=\"Liens utiles sur la maladie de Stargardt - Nouveau site test\" \/>\n<meta property=\"og:description\" content=\"Nous vous proposons une liste de liens utiles pour obtenir plus d\u2019informations pratiques sur la maladie Stargardt\" \/>\n<meta property=\"og:url\" content=\"http:\/\/www.stargardt.fr\/test\/liens-stargardt\/\" \/>\n<meta property=\"og:site_name\" content=\"Nouveau site test\" \/>\n<meta property=\"article:modified_time\" content=\"2014-09-03T16:56:17+00:00\" \/>\n<meta name=\"twitter:label1\" content=\"Dur\u00e9e de lecture estim\u00e9e\" \/>\n\t<meta name=\"twitter:data1\" content=\"1 minute\" \/>\n<script type=\"application\/ld+json\" class=\"yoast-schema-graph\">{\"@context\":\"https:\/\/schema.org\",\"@graph\":[{\"@type\":\"WebSite\",\"@id\":\"https:\/\/www.stargardt.fr\/test\/#website\",\"url\":\"https:\/\/www.stargardt.fr\/test\/\",\"name\":\"Nouveau site test\",\"description\":\"Agir pour la recherche sur la maladie de Stargardt\",\"potentialAction\":[{\"@type\":\"SearchAction\",\"target\":{\"@type\":\"EntryPoint\",\"urlTemplate\":\"https:\/\/www.stargardt.fr\/test\/?s={search_term_string}\"},\"query-input\":\"required name=search_term_string\"}],\"inLanguage\":\"fr-FR\"},{\"@type\":\"WebPage\",\"@id\":\"http:\/\/www.stargardt.fr\/test\/liens-stargardt\/\",\"url\":\"http:\/\/www.stargardt.fr\/test\/liens-stargardt\/\",\"name\":\"Liens utiles sur la maladie de Stargardt - Nouveau site test\",\"isPartOf\":{\"@id\":\"https:\/\/www.stargardt.fr\/test\/#website\"},\"datePublished\":\"2014-07-01T09:29:19+00:00\",\"dateModified\":\"2014-09-03T16:56:17+00:00\",\"description\":\"Nous vous proposons une liste de liens utiles pour obtenir plus d\u2019informations pratiques sur la maladie Stargardt\",\"breadcrumb\":{\"@id\":\"http:\/\/www.stargardt.fr\/test\/liens-stargardt\/#breadcrumb\"},\"inLanguage\":\"fr-FR\",\"potentialAction\":[{\"@type\":\"ReadAction\",\"target\":[\"http:\/\/www.stargardt.fr\/test\/liens-stargardt\/\"]}]},{\"@type\":\"BreadcrumbList\",\"@id\":\"http:\/\/www.stargardt.fr\/test\/liens-stargardt\/#breadcrumb\",\"itemListElement\":[{\"@type\":\"ListItem\",\"position\":1,\"name\":\"Accueil\",\"item\":\"https:\/\/www.stargardt.fr\/test\/\"},{\"@type\":\"ListItem\",\"position\":2,\"name\":\"Liens utiles sur la maladie de Stargardt\"}]}]}<\/script>\n<!-- \/ Yoast SEO plugin. -->","yoast_head_json":{"title":"Liens utiles sur la maladie de Stargardt - Nouveau site test","description":"Nous vous proposons une liste de liens utiles pour obtenir plus d\u2019informations pratiques sur la maladie Stargardt","robots":{"index":"index","follow":"follow","max-snippet":"max-snippet:-1","max-image-preview":"max-image-preview:large","max-video-preview":"max-video-preview:-1"},"canonical":"http:\/\/www.stargardt.fr\/test\/liens-stargardt\/","og_locale":"fr_FR","og_type":"article","og_title":"Liens utiles sur la maladie de Stargardt - Nouveau site test","og_description":"Nous vous proposons une liste de liens utiles pour obtenir plus d\u2019informations pratiques sur la maladie Stargardt","og_url":"http:\/\/www.stargardt.fr\/test\/liens-stargardt\/","og_site_name":"Nouveau site test","article_modified_time":"2014-09-03T16:56:17+00:00","twitter_misc":{"Dur\u00e9e de lecture estim\u00e9e":"1 minute"},"schema":{"@context":"https:\/\/schema.org","@graph":[{"@type":"WebSite","@id":"https:\/\/www.stargardt.fr\/test\/#website","url":"https:\/\/www.stargardt.fr\/test\/","name":"Nouveau site test","description":"Agir pour la recherche sur la maladie de Stargardt","potentialAction":[{"@type":"SearchAction","target":{"@type":"EntryPoint","urlTemplate":"https:\/\/www.stargardt.fr\/test\/?s={search_term_string}"},"query-input":"required name=search_term_string"}],"inLanguage":"fr-FR"},{"@type":"WebPage","@id":"http:\/\/www.stargardt.fr\/test\/liens-stargardt\/","url":"http:\/\/www.stargardt.fr\/test\/liens-stargardt\/","name":"Liens utiles sur la maladie de Stargardt - Nouveau site test","isPartOf":{"@id":"https:\/\/www.stargardt.fr\/test\/#website"},"datePublished":"2014-07-01T09:29:19+00:00","dateModified":"2014-09-03T16:56:17+00:00","description":"Nous vous proposons une liste de liens utiles pour obtenir plus d\u2019informations pratiques sur la maladie Stargardt","breadcrumb":{"@id":"http:\/\/www.stargardt.fr\/test\/liens-stargardt\/#breadcrumb"},"inLanguage":"fr-FR","potentialAction":[{"@type":"ReadAction","target":["http:\/\/www.stargardt.fr\/test\/liens-stargardt\/"]}]},{"@type":"BreadcrumbList","@id":"http:\/\/www.stargardt.fr\/test\/liens-stargardt\/#breadcrumb","itemListElement":[{"@type":"ListItem","position":1,"name":"Accueil","item":"https:\/\/www.stargardt.fr\/test\/"},{"@type":"ListItem","position":2,"name":"Liens utiles sur la maladie de Stargardt"}]}]}},"_links":{"self":[{"href":"http:\/\/www.stargardt.fr\/test\/wp-json\/wp\/v2\/pages\/589"}],"collection":[{"href":"http:\/\/www.stargardt.fr\/test\/wp-json\/wp\/v2\/pages"}],"about":[{"href":"http:\/\/www.stargardt.fr\/test\/wp-json\/wp\/v2\/types\/page"}],"author":[{"embeddable":true,"href":"http:\/\/www.stargardt.fr\/test\/wp-json\/wp\/v2\/users\/2"}],"replies":[{"embeddable":true,"href":"http:\/\/www.stargardt.fr\/test\/wp-json\/wp\/v2\/comments?post=589"}],"version-history":[{"count":14,"href":"http:\/\/www.stargardt.fr\/test\/wp-json\/wp\/v2\/pages\/589\/revisions"}],"predecessor-version":[{"id":857,"href":"http:\/\/www.stargardt.fr\/test\/wp-json\/wp\/v2\/pages\/589\/revisions\/857"}],"wp:attachment":[{"href":"http:\/\/www.stargardt.fr\/test\/wp-json\/wp\/v2\/media?parent=589"}],"curies":[{"name":"wp","href":"https:\/\/api.w.org\/{rel}","templated":true}]}}