{"id":594,"date":"2014-04-01T17:35:05","date_gmt":"2014-04-01T16:35:05","guid":{"rendered":"http:\/\/s519078666.onlinehome.fr\/?page_id=594"},"modified":"2015-03-31T16:46:49","modified_gmt":"2015-03-31T15:46:49","slug":"legal-notice","status":"publish","type":"page","link":"https:\/\/www.stargardt.fr\/en\/legal-notice\/","title":{"rendered":"Legal notice"},"content":{"rendered":"<h2>Mentions l\u00e9gales et conditions d\u2019utilisation du site<\/h2>\n<div>\n<div>\n<p>En application de la loi n\u00b0 2004-575 du 21 juin 2004 pour la confiance dans l\u2019\u00e9conomie num\u00e9rique, nous vous communiquons les coordonn\u00e9es de l\u2019\u00e9diteur et du prestataire qui accueille le site.<\/p>\n<\/div>\n<div>\n<h2>Editeur et propri\u00e9taire du site Internet<\/h2>\n<p>Fondation Stargardt<br \/>\n9 rue Pastourelle<br \/>\n75003 Paris, France<br \/>\nT\u00e9l.\u00a0: +33 (0)9 53 73 68 15<br \/>\nDirecteur de la Publication : Denis CAYET<\/p>\n<\/div>\n<div>\n<h2>Conception\/Graphisme :<\/h2>\n<p>K unique \u2013 <a href=\"http:\/\/www.k-unique.com\/\" target=\"_blank\">Cr\u00e9ation de sites internet \u00e0 Quimper<\/a><br \/>\n6 all\u00e9e Marc Elder \u2013 29000 QUIMPER<br \/>\nT\u00e9l. : 02 98 82 87 76 \u2013 Fax : 02 98 10 11 67<br \/>\ne-mail : <a href=\"mailto:contact@k-unique.com\">contact@k-unique.com<\/a><\/p>\n<\/div>\n<div>\n<h2>H\u00e9bergeur<\/h2>\n<p>1&amp;1 Internet SARL<br \/>\n7 place de la Gare<br \/>\nBP 70109<br \/>\n57201 Sarreguemines Cedex<\/p>\n<h2>Confidentialit\u00e9<\/h2>\n<p>Les informations fournies par l\u2019utilisateur constituent des donn\u00e9es confidentielles et sont \u00e0 usage interne.<br \/>\nNous nous engageons \u00e0 ne pas les divulguer \u00e0 des tiers.<\/p>\n<\/div>\n<div>\n<h2>Droit de reproduction<\/h2>\n<p>L\u2019ensemble des pages de ce site rel\u00e8ve de la l\u00e9gislation fran\u00e7aise et internationale sur le droit d\u2019auteur et la propri\u00e9t\u00e9 intellectuelle.<\/p>\n<\/div>\n<div>\n<h2>Liens hypertextes<\/h2>\n<p>Ce site contient des liens hypertextes permettant l\u2019acc\u00e8s \u00e0 des sites qui ne sont pas \u00e9dit\u00e9s par le responsable de ce site.<br \/>\nEn cons\u00e9quence le directeur de la publication ne saurait \u00eatre tenu pour responsable du contenu des sites auxquels l\u2019internaute aurait ainsi acc\u00e8s.<\/p>\n<\/div>\n<div>\n<h2>Liens hypertextes vers ce site<\/h2>\n<p>A l\u2019exception de sites diffusant des informations et\/ou contenus ayant un caract\u00e8re ill\u00e9gal et\/ou \u00e0 caract\u00e8re politique, religieux, pornographique, x\u00e9nophobe, vous pouvez cr\u00e9er un lien<br \/>\nhypertexte vers notre site sur votre site.<br \/>\nLa mise en place de lien hypertexte n\u2019autorise en aucune fa\u00e7on la reproduction d\u2019\u00e9l\u00e9ments du site ou la pr\u00e9sentation sur des sites tiers d\u2019\u00e9l\u00e9ments du site.<br \/>\nLa mise en place de lien hypertexte n\u2019autorise en aucune fa\u00e7on de proposer l\u2019envoi d\u2019un message pr\u00e9-r\u00e9dig\u00e9 \u00e0 une adresse courriel li\u00e9e au site ou la mise en place d\u2019un syst\u00e8me<br \/>\npermettant l\u2019envoi massif de messages quelle qu\u2019en soit la nature.<\/p>\n<\/div>\n<div>\n<h2>Traitement automatis\u00e9 d\u2019informations<\/h2>\n<p>Ce site ne collecte sur les visiteurs du site aucune autre information nominative ou personnelle que celles qui lui sont ouvertement et volontairement fournies en particulier par<br \/>\nl\u2019interm\u00e9diaire des adresses \u00e9lectroniques de ses correspondants.<br \/>\nEn vertu de l\u2019article 34 de la loi \u00ab Informatique et Libert\u00e9s \u00bb du 6 janvier 1978, vous disposez d\u2019un droit d\u2019acc\u00e8s, de modification, de rectification et de suppression des donn\u00e9es vous<br \/>\nconcernant. Pour exercer ce droit, adressez vous au secr\u00e9tariat de la Fondation Stargardt.<\/p>\n<\/div>\n<\/div>\n<div style=\"padding-bottom:20px; padding-top:10px;valign:middle;\" class=\"hupso-share-buttons\"><!-- Hupso Share Buttons - https:\/\/www.hupso.com\/share\/ --><a class=\"hupso_toolbar\" href=\"https:\/\/www.hupso.com\/share\/\"><img src=\"https:\/\/static.hupso.com\/share\/buttons\/share-medium.png\" rel=\"PrettyPhoto[594]\" style=\"border:0px; padding-top: 5px; float:left;\" alt=\"Share Button\"\/><\/a><script type=\"text\/javascript\">var hupso_services_t=new Array(\"Twitter\",\"Facebook\",\"Google Plus\",\"Linkedin\",\"Email\");var hupso_background_t=\"#EAF4FF\";var hupso_border_t=\"#66CCFF\";var hupso_toolbar_size_t=\"medium\";var hupso_image_folder_url = \"\";var hupso_url_t=\"\";var hupso_title_t=\"Legal%20notice\";<\/script><script type=\"text\/javascript\" src=\"https:\/\/static.hupso.com\/share\/js\/share_toolbar.js\"><\/script><!-- Hupso Share Buttons --><\/div>","protected":false},"excerpt":{"rendered":"<p>Mentions l\u00e9gales et conditions d\u2019utilisation du site En application de la loi n\u00b0 2004-575 du 21 juin 2004 pour la confiance dans l\u2019\u00e9conomie num\u00e9rique, nous vous communiquons les coordonn\u00e9es de l\u2019\u00e9diteur et du prestataire qui accueille le site. Editeur et propri\u00e9taire du site Internet Fondation Stargardt 9 rue Pastourelle 75003 Paris, France T\u00e9l.\u00a0: +33 (0)9&#8230;<\/p>\n<div style=\"padding-bottom:20px; padding-top:10px;valign:middle;\" class=\"hupso-share-buttons\"><!-- Hupso Share Buttons - https:\/\/www.hupso.com\/share\/ --><a class=\"hupso_toolbar\" href=\"https:\/\/www.hupso.com\/share\/\"><img src=\"https:\/\/static.hupso.com\/share\/buttons\/share-medium.png\" style=\"border:0px; padding-top: 5px; float:left;\" alt=\"Share Button\"\/><\/a><script type=\"text\/javascript\">var hupso_services_t=new Array(\"Twitter\",\"Facebook\",\"Google Plus\",\"Linkedin\",\"Email\");var hupso_background_t=\"#EAF4FF\";var hupso_border_t=\"#66CCFF\";var hupso_toolbar_size_t=\"medium\";var hupso_image_folder_url = \"\";var hupso_url_t=\"\";var hupso_title_t=\"Legal%20notice\";<\/script><script type=\"text\/javascript\" src=\"https:\/\/static.hupso.com\/share\/js\/share_toolbar.js\"><\/script><!-- Hupso Share Buttons --><\/div>","protected":false},"author":2,"featured_media":0,"parent":0,"menu_order":0,"comment_status":"closed","ping_status":"closed","template":"","meta":[],"yoast_head":"<!-- This site is optimized with the Yoast SEO plugin v19.4 - https:\/\/yoast.com\/wordpress\/plugins\/seo\/ -->\n<title>Legal notice<\/title>\n<meta name=\"description\" content=\"Mentions l\u00e9gales et conditions d\u2019utilisation du site de la Fondation Stargardt\" \/>\n<meta name=\"robots\" content=\"index, follow, max-snippet:-1, max-image-preview:large, max-video-preview:-1\" \/>\n<link rel=\"canonical\" href=\"https:\/\/www.stargardt.fr\/en\/legal-notice\/\" \/>\n<meta property=\"og:locale\" content=\"en_US\" \/>\n<meta property=\"og:type\" content=\"article\" \/>\n<meta property=\"og:title\" content=\"Legal notice\" \/>\n<meta property=\"og:description\" content=\"Mentions l\u00e9gales et conditions d\u2019utilisation du site de la Fondation Stargardt\" \/>\n<meta property=\"og:url\" content=\"https:\/\/www.stargardt.fr\/en\/legal-notice\/\" \/>\n<meta property=\"og:site_name\" content=\"Stargardt Foundation\" \/>\n<meta property=\"article:modified_time\" content=\"2015-03-31T15:46:49+00:00\" \/>\n<meta name=\"twitter:label1\" content=\"Est. reading time\" \/>\n\t<meta name=\"twitter:data1\" content=\"2 minutes\" \/>\n<script type=\"application\/ld+json\" class=\"yoast-schema-graph\">{\"@context\":\"https:\/\/schema.org\",\"@graph\":[{\"@type\":\"WebSite\",\"@id\":\"https:\/\/www.stargardt.fr\/en\/#website\",\"url\":\"https:\/\/www.stargardt.fr\/en\/\",\"name\":\"Stargardt Foundation\",\"description\":\"Work hand in hand with research\",\"potentialAction\":[{\"@type\":\"SearchAction\",\"target\":{\"@type\":\"EntryPoint\",\"urlTemplate\":\"https:\/\/www.stargardt.fr\/en\/?s={search_term_string}\"},\"query-input\":\"required name=search_term_string\"}],\"inLanguage\":\"en-US\"},{\"@type\":\"WebPage\",\"@id\":\"https:\/\/www.stargardt.fr\/en\/legal-notice\/\",\"url\":\"https:\/\/www.stargardt.fr\/en\/legal-notice\/\",\"name\":\"Legal notice\",\"isPartOf\":{\"@id\":\"https:\/\/www.stargardt.fr\/en\/#website\"},\"datePublished\":\"2014-04-01T16:35:05+00:00\",\"dateModified\":\"2015-03-31T15:46:49+00:00\",\"description\":\"Mentions l\u00e9gales et conditions d\u2019utilisation du site de la Fondation Stargardt\",\"breadcrumb\":{\"@id\":\"https:\/\/www.stargardt.fr\/en\/legal-notice\/#breadcrumb\"},\"inLanguage\":\"en-US\",\"potentialAction\":[{\"@type\":\"ReadAction\",\"target\":[\"https:\/\/www.stargardt.fr\/en\/legal-notice\/\"]}]},{\"@type\":\"BreadcrumbList\",\"@id\":\"https:\/\/www.stargardt.fr\/en\/legal-notice\/#breadcrumb\",\"itemListElement\":[{\"@type\":\"ListItem\",\"position\":1,\"name\":\"Accueil\",\"item\":\"https:\/\/www.stargardt.fr\/en\/\"},{\"@type\":\"ListItem\",\"position\":2,\"name\":\"Legal notice\"}]}]}<\/script>\n<!-- \/ Yoast SEO plugin. -->","yoast_head_json":{"title":"Legal notice","description":"Mentions l\u00e9gales et conditions d\u2019utilisation du site de la Fondation Stargardt","robots":{"index":"index","follow":"follow","max-snippet":"max-snippet:-1","max-image-preview":"max-image-preview:large","max-video-preview":"max-video-preview:-1"},"canonical":"https:\/\/www.stargardt.fr\/en\/legal-notice\/","og_locale":"en_US","og_type":"article","og_title":"Legal notice","og_description":"Mentions l\u00e9gales et conditions d\u2019utilisation du site de la Fondation Stargardt","og_url":"https:\/\/www.stargardt.fr\/en\/legal-notice\/","og_site_name":"Stargardt Foundation","article_modified_time":"2015-03-31T15:46:49+00:00","twitter_misc":{"Est. reading time":"2 minutes"},"schema":{"@context":"https:\/\/schema.org","@graph":[{"@type":"WebSite","@id":"https:\/\/www.stargardt.fr\/en\/#website","url":"https:\/\/www.stargardt.fr\/en\/","name":"Stargardt Foundation","description":"Work hand in hand with research","potentialAction":[{"@type":"SearchAction","target":{"@type":"EntryPoint","urlTemplate":"https:\/\/www.stargardt.fr\/en\/?s={search_term_string}"},"query-input":"required name=search_term_string"}],"inLanguage":"en-US"},{"@type":"WebPage","@id":"https:\/\/www.stargardt.fr\/en\/legal-notice\/","url":"https:\/\/www.stargardt.fr\/en\/legal-notice\/","name":"Legal notice","isPartOf":{"@id":"https:\/\/www.stargardt.fr\/en\/#website"},"datePublished":"2014-04-01T16:35:05+00:00","dateModified":"2015-03-31T15:46:49+00:00","description":"Mentions l\u00e9gales et conditions d\u2019utilisation du site de la Fondation Stargardt","breadcrumb":{"@id":"https:\/\/www.stargardt.fr\/en\/legal-notice\/#breadcrumb"},"inLanguage":"en-US","potentialAction":[{"@type":"ReadAction","target":["https:\/\/www.stargardt.fr\/en\/legal-notice\/"]}]},{"@type":"BreadcrumbList","@id":"https:\/\/www.stargardt.fr\/en\/legal-notice\/#breadcrumb","itemListElement":[{"@type":"ListItem","position":1,"name":"Accueil","item":"https:\/\/www.stargardt.fr\/en\/"},{"@type":"ListItem","position":2,"name":"Legal notice"}]}]}},"_links":{"self":[{"href":"https:\/\/www.stargardt.fr\/en\/wp-json\/wp\/v2\/pages\/594"}],"collection":[{"href":"https:\/\/www.stargardt.fr\/en\/wp-json\/wp\/v2\/pages"}],"about":[{"href":"https:\/\/www.stargardt.fr\/en\/wp-json\/wp\/v2\/types\/page"}],"author":[{"embeddable":true,"href":"https:\/\/www.stargardt.fr\/en\/wp-json\/wp\/v2\/users\/2"}],"replies":[{"embeddable":true,"href":"https:\/\/www.stargardt.fr\/en\/wp-json\/wp\/v2\/comments?post=594"}],"version-history":[{"count":7,"href":"https:\/\/www.stargardt.fr\/en\/wp-json\/wp\/v2\/pages\/594\/revisions"}],"predecessor-version":[{"id":1044,"href":"https:\/\/www.stargardt.fr\/en\/wp-json\/wp\/v2\/pages\/594\/revisions\/1044"}],"wp:attachment":[{"href":"https:\/\/www.stargardt.fr\/en\/wp-json\/wp\/v2\/media?parent=594"}],"curies":[{"name":"wp","href":"https:\/\/api.w.org\/{rel}","templated":true}]}}